{"id":11,"date":"2015-08-05T23:32:02","date_gmt":"2015-08-05T23:32:02","guid":{"rendered":"http:\/\/vilterra.lt\/?page_id=11"},"modified":"2025-01-28T15:23:06","modified_gmt":"2025-01-28T15:23:06","slug":"contact","status":"publish","type":"page","link":"https:\/\/www.vilterra.lt\/de\/contact\/","title":{"rendered":"KONTAKTANGABEN"},"content":{"rendered":"[vc_row bg_type=&#8221;image&#8221; parallax_style=&#8221;vcpb-default&#8221; bg_image_new=&#8221;80|http:\/\/vilterra.lt\/wp-content\/uploads\/2015\/08\/top-page-bgr.png&#8221; bg_override=&#8221;ex-full&#8221; seperator_enable=&#8221;seperator_enable_value&#8221; seperator_type=&#8221;xlarge_triangle_seperator&#8221; seperator_position=&#8221;bottom_seperator&#8221; seperator_shape_background=&#8221;#ffffff&#8221; css=&#8221;.vc_custom_1443132418355{padding-top: 105px !important;}&#8221;][vc_column][vc_column_text el_class=&#8221;triangle-header&#8221;]<span style=\"font-size: 14pt;\">KONTAKTANGABEN<\/span>[\/vc_column_text][\/vc_column][\/vc_row][vc_row][vc_column][vc_column_text]\n<p style=\"text-align: center;\"><img loading=\"lazy\" decoding=\"async\" width=\"996\" height=\"279\" class=\"aligncenter size-full wp-image-501\" src=\"http:\/\/vilterra.lt\/wp-content\/uploads\/2015\/08\/headerimage.jpg\" alt=\"headerimage\" srcset=\"https:\/\/www.vilterra.lt\/wp-content\/uploads\/2015\/08\/headerimage.jpg 996w, https:\/\/www.vilterra.lt\/wp-content\/uploads\/2015\/08\/headerimage-250x70.jpg 250w, https:\/\/www.vilterra.lt\/wp-content\/uploads\/2015\/08\/headerimage-700x196.jpg 700w, https:\/\/www.vilterra.lt\/wp-content\/uploads\/2015\/08\/headerimage-120x34.jpg 120w\" sizes=\"auto, (max-width: 996px) 100vw, 996px\" \/><\/p>\n<hr \/>\n<p style=\"text-align: center;\"><span style=\"font-family: helvetica, arial, sans-serif; font-size: 20pt;\">Setzen Sie sich mit der UAB \u201eVilterra\u201c in Verbindung<br \/>\n<img loading=\"lazy\" decoding=\"async\" width=\"256\" height=\"10\" class=\"aligncenter size-full wp-image-467\" src=\"http:\/\/vilterra.lt\/wp-content\/uploads\/2015\/08\/Services-VILTERRA-8.jpg\" alt=\"Services VILTERRA 8\" srcset=\"https:\/\/www.vilterra.lt\/wp-content\/uploads\/2015\/08\/Services-VILTERRA-8.jpg 256w, https:\/\/www.vilterra.lt\/wp-content\/uploads\/2015\/08\/Services-VILTERRA-8-250x10.jpg 250w, https:\/\/www.vilterra.lt\/wp-content\/uploads\/2015\/08\/Services-VILTERRA-8-120x5.jpg 120w\" sizes=\"auto, (max-width: 256px) 100vw, 256px\" \/><br \/>\n<\/span><\/p>\n[\/vc_column_text][\/vc_column][\/vc_row][vc_row css=&#8221;.vc_custom_1460939977089{margin-bottom: 25px !important;}&#8221;][vc_column width=&#8221;1\/2&#8243;][vc_row_inner][vc_column_inner width=&#8221;1\/2&#8243;][vc_column_text]<strong>UAB &#8220;Vilterra&#8221;<\/strong><\/p>\n<p><span style=\"line-height: 1.5;\">Adresse: Vytauto pr. 32-306,<\/span><br \/>\n<span style=\"line-height: 1.5;\">LT-44328 Kaunas<br \/>\n<\/span><span style=\"line-height: 1.5;\">Kode des Unternehmens: 300071000<br \/>\n<\/span><span style=\"line-height: 1.5;\">Umsatzsteuer-Identifikationsnummer: LT100001424910<\/span><\/p>\n<p class=\"p1\"><strong>Kontaktangaben<\/strong><\/p>\n<p class=\"p1\">Tel.: (+370) 37-208002<br \/>\nMob: (+370) 611-22021<br \/>\nE-mail: <a href=\"mailto:info@vilterra.lt\">info@vilterra.lt<\/a><\/p>\n<p><strong>Konto<\/strong><\/p>\n<p>Bank Account: LT557300010087542148<br \/>\nBankkonto: \u00a0AB \u201eSwedbank\u201c<br \/>\nAdresse: Savanoriu g. 19, Vilnius<br \/>\nKode der Bank: 73000<br \/>\nSWIFT: HABALT22[\/vc_column_text][\/vc_column_inner][vc_column_inner width=&#8221;1\/2&#8243;][vc_column_text]<strong>Director:<\/strong><br \/>\n\u0160ar\u016bnas Vil\u010diauskas<br \/>\nMob.: +370-612-33699<br \/>\nE-mail: <span style=\"text-decoration: underline;\"><span style=\"color: #0000ff;\"><a style=\"color: #0000ff; text-decoration: underline;\" href=\"mailto:sarunas@vilterra.lt\">sarunas@vilterra.lt<\/a><\/span><\/span><\/p>\n<p><strong>Vertriebsmanagerin:<\/strong><br \/>\nMonika Jok\u016bbauskien\u0117<br \/>\nHANDEL MIT DEM FURNIER<br \/>\nMob.: +370-600-45855<br \/>\nE-mail: <span style=\"text-decoration: underline;\"><span style=\"color: #0000ff;\"><a style=\"color: #0000ff; text-decoration: underline;\" href=\"mailto:plywood@vilterra.lt\">plywood@vilterra.lt<\/a><\/span><\/span><\/p>\n<p><strong>Leiterin der Logistikabteilung:<\/strong><br \/>\nGediminas Salvanavi\u010dius<br \/>\nTRANPORT LOGISTIK<br \/>\nMob.: +370-611-22021<br \/>\nE-mail: <span style=\"text-decoration: underline;\"><span style=\"color: #0000ff;\"><a style=\"color: #0000ff; text-decoration: underline;\" href=\"mailto:transport@vilterra.lt\">transport@vilterra.lt<\/a><\/span><\/span><\/p>\n<p><strong>Oberste Buchhalterin:<\/strong><br \/>\nVilija Zaleckien\u0117<br \/>\nABTEILUNG F\u00dcR DIE ABRECHNUNG<br \/>\nMob.: +370-657-80011<br \/>\nE-mail: <span style=\"text-decoration: underline; color: #0000ff;\"><a style=\"color: #0000ff; text-decoration: underline;\" href=\"mailto:buhalterija@vilterra.lt\">buhalterija@vilterra.lt<\/a><\/span>[\/vc_column_text][\/vc_column_inner][\/vc_row_inner][\/vc_column][vc_column width=&#8221;1\/2&#8243;][vc_column_text][fc id=&#8217;2&#8242;][\/fc][\/vc_column_text][\/vc_column][\/vc_row][vc_row][vc_column css=&#8221;.vc_custom_1461192738571{margin-bottom: -20px !important;}&#8221;][vc_column_text]\n<hr \/>\n<p style=\"text-align: center;\"><span style=\"font-family: helvetica, arial, sans-serif; font-size: 20pt;\">Sie finden uns<br \/>\n<img loading=\"lazy\" decoding=\"async\" width=\"256\" height=\"10\" class=\"aligncenter size-full wp-image-467\" src=\"http:\/\/vilterra.lt\/wp-content\/uploads\/2015\/08\/Services-VILTERRA-8.jpg\" alt=\"Services VILTERRA 8\" srcset=\"https:\/\/www.vilterra.lt\/wp-content\/uploads\/2015\/08\/Services-VILTERRA-8.jpg 256w, https:\/\/www.vilterra.lt\/wp-content\/uploads\/2015\/08\/Services-VILTERRA-8-250x10.jpg 250w, https:\/\/www.vilterra.lt\/wp-content\/uploads\/2015\/08\/Services-VILTERRA-8-120x5.jpg 120w\" sizes=\"auto, (max-width: 256px) 100vw, 256px\" \/><br \/>\n<\/span><\/p>\n[\/vc_column_text][\/vc_column][\/vc_row][vc_row css=&#8221;.vc_custom_1460939977089{margin-bottom: 25px !important;}&#8221;][vc_column width=&#8221;1\/2&#8243; css=&#8221;.vc_custom_1461192360794{margin-right: -10px !important;}&#8221;][vc_column_text]<strong>B\u00dcRO<\/strong>[\/vc_column_text][vc_raw_html]JTNDZGl2JTIwY2xhc3MlM0QlMjJvdmVybGF5JTIwbWFwMSUyMiUzRSUwQSUzQ2ltZyUyMHNyYyUzRCUyMiUyRndwLWNvbnRlbnQlMkZ1cGxvYWRzJTJGMjAxNiUyRjA1JTJGbWFwLW9mZmljZS5qcGclMjIlMjAlMkYlM0UlMEElM0NpZnJhbWUlMjBzcmMlM0QlMjJodHRwcyUzQSUyRiUyRnd3dy5nb29nbGUuY29tJTJGbWFwcyUyRmVtYmVkJTNGcGIlM0QlMjExbTE4JTIxMW0xMiUyMTFtMyUyMTFkMjI5NC43MzEzOTIzNTgyMjY1JTIxMmQyMy45MjQyMzUzMTU4OTcyMyUyMTNkNTQuODkwMDgzOTgwMzMxNDc1JTIxMm0zJTIxMWYwJTIxMmYwJTIxM2YwJTIxM20yJTIxMWkxMDI0JTIxMmk3NjglMjE0ZjEzLjElMjEzbTMlMjExbTIlMjExczB4NDZlNzIyN2IwZjUzNmE4NyUyNTNBMHhlNjYxMmQ4Y2YwNjI1MmVmJTIxMnNWeXRhdXRvJTJCcHIuJTJCMzIlMjUyQyUyQkthdW5hcyUyQjQ0MzI4JTI1MkMlMkJMaXRodWFuaWElMjE1ZTAlMjEzbTIlMjExc2VuJTIxMnN1cyUyMTR2MTQ2MTIwNDg2MzgxMyUyMiUyMHdpZHRoJTNEJTIyNDkwJTIyJTIwaGVpZ2h0JTNEJTIyMzUwJTIyJTIwZnJhbWVib3JkZXIlM0QlMjIwJTIyJTIwc3R5bGUlM0QlMjJib3JkZXIlM0EwJTIyJTIwYWxsb3dmdWxsc2NyZWVuJTNFJTNDJTJGaWZyYW1lJTNFJTBBJTNDJTJGZGl2JTNF[\/vc_raw_html][vc_raw_js]JTNDc2NyaXB0JTIwdHlwZSUzRCUyMnRleHQlMkZqYXZhc2NyaXB0JTIyJTNFJTIwJTBBalF1ZXJ5JTI4JTI3Lm92ZXJsYXkubWFwMSUyMGltZyUyNyUyOS5jbGljayUyOGZ1bmN0aW9uJTI4JTI5JTdCJTBBJTIwJTIwJTIwJTIwalF1ZXJ5JTI4dGhpcyUyOS5jc3MlMjglMjJkaXNwbGF5JTIyJTJDJTIwJTIybm9uZSUyMiUyOSUzQiUwQSUyMCUyMCUyMCUyMGpRdWVyeSUyOCUyNy5vdmVybGF5Lm1hcDElMjBpZnJhbWUlMjclMjkuY3NzJTI4JTIyZGlzcGxheSUyMiUyQyUyMCUyMmlubGluZSUyMiUyOSUzQiUwQSU3RCUyOSUzQiUwQSUzQyUyRnNjcmlwdCUzRQ==[\/vc_raw_js][\/vc_column][vc_column width=&#8221;1\/2&#8243; css=&#8221;.vc_custom_1461192301556{margin-left: 5px !important;}&#8221;][vc_column_text]<strong>LAGER<\/strong>[\/vc_column_text][vc_raw_html]JTNDZGl2JTIwY2xhc3MlM0QlMjJvdmVybGF5JTIwbWFwMiUyMiUzRSUwQSUzQ2ltZyUyMHNyYyUzRCUyMiUyRndwLWNvbnRlbnQlMkZ1cGxvYWRzJTJGMjAxNiUyRjA1JTJGbWFwLXdhcmVob3VzZS5qcGclMjIlMjAlMkYlM0UlMEElM0NpZnJhbWUlMjBzcmMlM0QlMjJodHRwcyUzQSUyRiUyRnd3dy5nb29nbGUuY29tJTJGbWFwcyUyRmVtYmVkJTNGcGIlM0QlMjExbTE4JTIxMW0xMiUyMTFtMyUyMTFkMjI5My4yNjcxMDE5MDAzMjIlMjEyZDI0LjAwNDAxNjIxNTg5ODE2NSUyMTNkNTQuOTE1Nzg0ODgwMzM3ODIlMjEybTMlMjExZjAlMjEyZjAlMjEzZjAlMjEzbTIlMjExaTEwMjQlMjEyaTc2OCUyMTRmMTMuMSUyMTNtMyUyMTFtMiUyMTFzMHg0NmU3MTgzODZhMWMzN2JiJTI1M0EweDM2MDFmZDNlZWIyYjU0ZjclMjEyc1RhaWtvcyUyQnByLiUyQjk4QSUyNTJDJTJCS2F1bmFzJTJCNTExNzclMjUyQyUyQkxpdGh1YW5pYSUyMTVlMCUyMTNtMiUyMTFzZW4lMjEyc3VzJTIxNHYxNDYxMjA0OTMyMzc0JTIyJTIwd2lkdGglM0QlMjI1MDAlMjIlMjBoZWlnaHQlM0QlMjIzNTAlMjIlMjBmcmFtZWJvcmRlciUzRCUyMjAlMjIlMjBzdHlsZSUzRCUyMmJvcmRlciUzQTAlMjIlMjBhbGxvd2Z1bGxzY3JlZW4lM0UlM0MlMkZpZnJhbWUlM0UlM0MlMkZkaXYlM0U=[\/vc_raw_html][vc_raw_js]JTNDc2NyaXB0JTIwdHlwZSUzRCUyMnRleHQlMkZqYXZhc2NyaXB0JTIyJTNFJTIwJTBBalF1ZXJ5JTI4JTI3Lm92ZXJsYXkubWFwMiUyMGltZyUyNyUyOS5jbGljayUyOGZ1bmN0aW9uJTI4JTI5JTdCJTBBJTIwJTIwJTIwJTIwalF1ZXJ5JTI4dGhpcyUyOS5jc3MlMjglMjJkaXNwbGF5JTIyJTJDJTIwJTIybm9uZSUyMiUyOSUzQiUwQSUyMCUyMCUyMCUyMGpRdWVyeSUyOCUyNy5vdmVybGF5Lm1hcDIlMjBpZnJhbWUlMjclMjkuY3NzJTI4JTIyZGlzcGxheSUyMiUyQyUyMCUyMmlubGluZSUyMiUyOSUzQiUwQSU3RCUyOSUzQiUwQSUzQyUyRnNjcmlwdCUzRQ==[\/vc_raw_js][\/vc_column][\/vc_row]\n","protected":false},"excerpt":{"rendered":"[vc_row bg_type=&#8221;image&#8221; parallax_style=&#8221;vcpb-default&#8221; bg_image_new=&#8221;80|http:\/\/vilterra.lt\/wp-content\/uploads\/2015\/08\/top-page-bgr.png&#8221; bg_override=&#8221;ex-full&#8221; seperator_enable=&#8221;seperator_enable_value&#8221; seperator_type=&#8221;xlarge_triangle_seperator&#8221; seperator_position=&#8221;bottom_seperator&#8221; seperator_shape_background=&#8221;#ffffff&#8221; css=&#8221;.vc_custom_1443132418355{padding-top: 105px !important;}&#8221;][vc_column][vc_column_text el_class=&#8221;triangle-header&#8221;]KONTAKTANGABEN[\/vc_column_text][\/vc_column][\/vc_row][vc_row][vc_column][vc_column_text] Setzen Sie sich mit der UAB \u201eVilterra\u201c in Verbindung [\/vc_column_text][\/vc_column][\/vc_row][vc_row css=&#8221;.vc_custom_1460939977089{margin-bottom: 25px !important;}&#8221;][vc_column width=&#8221;1\/2&#8243;][vc_row_inner][vc_column_inner width=&#8221;1\/2&#8243;][vc_column_text]UAB &#8220;Vilterra&#8221; Adresse: Vytauto pr. 32-306, LT-44328 Kaunas Kode des Unternehmens: 300071000 Umsatzsteuer-Identifikationsnummer: LT100001424910 Kontaktangaben Tel.: (+370) 37-208002 Mob: (+370) 611-22021 E-mail: info@vilterra.lt Konto Bank Account: LT557300010087542148 Bankkonto:&#8230; <a class=\"view-article\" href=\"https:\/\/www.vilterra.lt\/de\/contact\/\">Artikel ansehen<\/a>","protected":false},"author":1,"featured_media":0,"parent":0,"menu_order":0,"comment_status":"closed","ping_status":"open","template":"","meta":{"footnotes":""},"class_list":["post-11","page","type-page","status-publish","hentry"],"translation":{"provider":"WPGlobus","version":"3.0.1","language":"de","enabled_languages":["en","lt","de","pl"],"languages":{"en":{"title":true,"content":true,"excerpt":false},"lt":{"title":true,"content":true,"excerpt":false},"de":{"title":true,"content":true,"excerpt":false},"pl":{"title":true,"content":true,"excerpt":false}}},"aioseo_notices":[],"_links":{"self":[{"href":"https:\/\/www.vilterra.lt\/de\/wp-json\/wp\/v2\/pages\/11","targetHints":{"allow":["GET"]}}],"collection":[{"href":"https:\/\/www.vilterra.lt\/de\/wp-json\/wp\/v2\/pages"}],"about":[{"href":"https:\/\/www.vilterra.lt\/de\/wp-json\/wp\/v2\/types\/page"}],"author":[{"embeddable":true,"href":"https:\/\/www.vilterra.lt\/de\/wp-json\/wp\/v2\/users\/1"}],"replies":[{"embeddable":true,"href":"https:\/\/www.vilterra.lt\/de\/wp-json\/wp\/v2\/comments?post=11"}],"version-history":[{"count":118,"href":"https:\/\/www.vilterra.lt\/de\/wp-json\/wp\/v2\/pages\/11\/revisions"}],"predecessor-version":[{"id":1749,"href":"https:\/\/www.vilterra.lt\/de\/wp-json\/wp\/v2\/pages\/11\/revisions\/1749"}],"wp:attachment":[{"href":"https:\/\/www.vilterra.lt\/de\/wp-json\/wp\/v2\/media?parent=11"}],"curies":[{"name":"wp","href":"https:\/\/api.w.org\/{rel}","templated":true}]}}