{"id":7,"date":"2015-08-05T23:31:39","date_gmt":"2015-08-05T23:31:39","guid":{"rendered":"http:\/\/vilterra.lt\/?page_id=7"},"modified":"2017-09-25T11:44:58","modified_gmt":"2017-09-25T11:44:58","slug":"services","status":"publish","type":"page","link":"https:\/\/www.vilterra.lt\/de\/services\/","title":{"rendered":"Transport"},"content":{"rendered":"[vc_row bg_type=&#8221;image&#8221; parallax_style=&#8221;vcpb-default&#8221; bg_image_new=&#8221;80|http:\/\/vilterra.lt\/wp-content\/uploads\/2015\/08\/top-page-bgr.png&#8221; bg_override=&#8221;ex-full&#8221; seperator_enable=&#8221;seperator_enable_value&#8221; seperator_type=&#8221;xlarge_triangle_seperator&#8221; seperator_position=&#8221;bottom_seperator&#8221; seperator_shape_background=&#8221;#ffffff&#8221; css=&#8221;.vc_custom_1443132352875{padding-top: 105px !important;}&#8221;][vc_column][vc_column_text el_class=&#8221;triangle-header&#8221;]<span style=\"font-size: 14pt;\">TRANSPORTLOGISTIK<\/span>[\/vc_column_text][\/vc_column][\/vc_row][vc_row][vc_column css=&#8221;.vc_custom_1460937869563{margin-bottom: 20px !important;}&#8221;][vc_column_text]\n<p style=\"text-align: center;\"><span style=\"font-size: 16pt; font-family: helvetica, arial, sans-serif;\">Die UAB \u201eVilterra\u201c ist das Unternehmen mit gro\u00dfer Erfahrung, das erfolgreich auf dem Gebiet der internationalen Spedition und Logistik seit 2008 arbeitet. Die von den Kunden anerkannte langj\u00e4hrige Erfahrung, einwandfreie Reputation und hohe Qualifikation haben bewiesen, dass wir der richtige Partner f\u00fcr den internationalen G\u00fcterverkehr sind. Die langfristige Zusammenarbeit und die wachsende Zahl von Auftraggebern ist das Ergebnis des erfolgreich entwickelten und zuverl\u00e4ssigen Systems des G\u00fcterverkehrs. <\/span><\/p>\n[\/vc_column_text][\/vc_column][\/vc_row][vc_row][vc_column][vc_column_text]\n<hr \/>\n<p style=\"text-align: center;\"><span style=\"font-family: helvetica, arial, sans-serif; font-size: 20pt;\"><span style=\"font-size: 24pt;\">Information dem Auftraggeber<\/span><br \/>\n<img loading=\"lazy\" decoding=\"async\" width=\"256\" height=\"10\" class=\"aligncenter size-full wp-image-467\" src=\"http:\/\/vilterra.lt\/wp-content\/uploads\/2015\/08\/Services-VILTERRA-8.jpg\" alt=\"Services VILTERRA 8\" srcset=\"https:\/\/www.vilterra.lt\/wp-content\/uploads\/2015\/08\/Services-VILTERRA-8.jpg 256w, https:\/\/www.vilterra.lt\/wp-content\/uploads\/2015\/08\/Services-VILTERRA-8-250x10.jpg 250w, https:\/\/www.vilterra.lt\/wp-content\/uploads\/2015\/08\/Services-VILTERRA-8-120x5.jpg 120w\" sizes=\"auto, (max-width: 256px) 100vw, 256px\" \/><br \/>\n<\/span><\/p>\n[\/vc_column_text][\/vc_column][\/vc_row][vc_row css=&#8221;.vc_custom_1460938056211{margin-bottom: 20px !important;}&#8221;][vc_column width=&#8221;1\/2&#8243;][vc_column_text]<img loading=\"lazy\" decoding=\"async\" width=\"557\" height=\"463\" class=\"aligncenter size-full wp-image-442\" src=\"http:\/\/vilterra.lt\/wp-content\/uploads\/2015\/08\/Services-VILTERRA-t.jpg\" alt=\"Services VILTERRA t\" srcset=\"https:\/\/www.vilterra.lt\/wp-content\/uploads\/2015\/08\/Services-VILTERRA-t.jpg 557w, https:\/\/www.vilterra.lt\/wp-content\/uploads\/2015\/08\/Services-VILTERRA-t-250x208.jpg 250w, https:\/\/www.vilterra.lt\/wp-content\/uploads\/2015\/08\/Services-VILTERRA-t-120x100.jpg 120w\" sizes=\"auto, (max-width: 557px) 100vw, 557px\" \/>[\/vc_column_text][\/vc_column][vc_column width=&#8221;1\/2&#8243;][vc_column_text css=&#8221;.vc_custom_1506339716876{padding-left: 50px !important;}&#8221;]<span style=\"font-family: helvetica, arial, sans-serif; font-size: 12pt;\">Wir arbeiten nur mit zuverl\u00e4ssigen und verantwortungsvollen Partnern.<\/span><\/p>\n<p><span style=\"font-family: helvetica, arial, sans-serif; font-size: 12pt;\">Wir k\u00f6nnen Ihnen den Transport f\u00fcr verschiedene Ladungen anbieten:<\/span><\/p>\n<ul>\n<li><span style=\"font-family: helvetica, arial, sans-serif; font-size: 12pt;\">\u00a0 \u00a0Teilladungen \u00a0(11 m\u00b3 to 92m\u00b3);<\/span><\/li>\n<li><span style=\"font-family: helvetica, arial, sans-serif; font-size: 12pt;\">\u00a0 \u00a0Standardladungen\u00a0(volle);<\/span><\/li>\n<li><span style=\"font-family: helvetica, arial, sans-serif; font-size: 12pt;\">\u00a0 \u00a0\u00dcberdimensionale Ladungen, mit gro\u00dfen Volumen (bis 115 m\u00b3);<\/span><\/li>\n<li><span style=\"font-family: helvetica, arial, sans-serif; font-size: 12pt;\">\u00a0 \u00a0Gef\u00e4hrliche Ladungen (ADR);<\/span><\/li>\n<li><span style=\"font-family: helvetica, arial, sans-serif; font-size: 12pt;\">\u00a0 \u00a0Ladungen, die nach dem Regime der Temperatur fordern;<\/span><\/li>\n<\/ul>\n<p><span style=\"font-family: helvetica, arial, sans-serif; font-size: 12pt;\">Wir bieten den G\u00fcterverkehr in Litauen, in der EU und in den GUS-Staaten<\/span><\/p>\n<p><span style=\"font-family: helvetica, arial, sans-serif; font-size: 12pt;\">Wir kontrollieren die Prozesse des G\u00fcterverkehrs<\/span><\/p>\n<p><span style=\"font-family: helvetica, arial, sans-serif; font-size: 12pt;\">Wir versichern die sichere Zustellung der Ladung nach der gew\u00fcnschten Zeit und in die gew\u00fcnschte Richtung.<\/span><\/p>\n<a href=\"\/de\/contact\" class=\"su-button su-button-style-default home-btn-view-all\" style=\"color:#000000;background-color:#ffffff;border-color:#cccccc;border-radius:5px\" target=\"_self\"><span style=\"color:#000000;padding:0px 16px;font-size:13px;line-height:26px;border-color:#ffffff;border-radius:5px;text-shadow:none\"> Anfrage<\/span><\/a>[\/vc_column_text][\/vc_column][\/vc_row][vc_row][vc_column][vc_column_text]\n<hr \/>\n<p style=\"text-align: center;\"><span style=\"font-family: helvetica, arial, sans-serif; font-size: 20pt;\"><span style=\"font-size: 24pt;\">Information f\u00fcr den Frachtf\u00fchrer<\/span><br \/>\n<img loading=\"lazy\" decoding=\"async\" width=\"256\" height=\"10\" class=\"aligncenter size-full wp-image-467\" src=\"http:\/\/vilterra.lt\/wp-content\/uploads\/2015\/08\/Services-VILTERRA-8.jpg\" alt=\"Services VILTERRA 8\" srcset=\"https:\/\/www.vilterra.lt\/wp-content\/uploads\/2015\/08\/Services-VILTERRA-8.jpg 256w, https:\/\/www.vilterra.lt\/wp-content\/uploads\/2015\/08\/Services-VILTERRA-8-250x10.jpg 250w, https:\/\/www.vilterra.lt\/wp-content\/uploads\/2015\/08\/Services-VILTERRA-8-120x5.jpg 120w\" sizes=\"auto, (max-width: 256px) 100vw, 256px\" \/><br \/>\n<\/span><\/p>\n[\/vc_column_text][\/vc_column][\/vc_row][vc_row css=&#8221;.vc_custom_1460937359188{margin-bottom: 25px !important;}&#8221;][vc_column width=&#8221;1\/2&#8243;][vc_column_text]<img decoding=\"async\" class=\"aligncenter size-full wp-image-441\" src=\"http:\/\/vilterra.lt\/wp-content\/uploads\/2015\/08\/Services3.jpg\" alt=\"Services VILTERRA t2\" \/>[\/vc_column_text][\/vc_column][vc_column width=&#8221;1\/2&#8243;][vc_column_text css=&#8221;.vc_custom_1506339732668{padding-left: 50px !important;}&#8221;]<span style=\"font-size: 12pt;\">Breite Auswahl der Ladungen und Routen;<\/span><\/p>\n<p><span style=\"font-size: 12pt;\">Wir arbeiten direkt mit den Kunden, so dass immer geben wir die genaue Information rechtzeitig und l\u00f6sen die Fragen und Probleme schnell;<\/span><\/p>\n<p><span style=\"font-size: 12pt;\">Schnelle Abrechnung f\u00fcr den durchgef\u00fchrten G\u00fcterverkehr.<\/span><\/p>\n<a href=\"\/de\/contact\" class=\"su-button su-button-style-default home-btn-view-all\" style=\"color:#000000;background-color:#ffffff;border-color:#cccccc;border-radius:5px\" target=\"_self\"><span style=\"color:#000000;padding:0px 16px;font-size:13px;line-height:26px;border-color:#ffffff;border-radius:5px;text-shadow:none\"> Anfrage<\/span><\/a>[\/vc_column_text][\/vc_column][\/vc_row][vc_row][vc_column css=&#8221;.vc_custom_1460937744553{margin-bottom: 25px !important;}&#8221;][vc_column_text css=&#8221;.vc_custom_1485160374278{background-image: url(http:\/\/vilterra.lt\/wp-content\/uploads\/2015\/08\/double-green-line.png?id=849) !important;background-position: 0 0 !important;background-repeat: no-repeat !important;}&#8221;]\n<p style=\"text-align: center;\"><span style=\"font-size: 24pt; color: #000080;\"><em><span style=\"font-family: helvetica, arial, sans-serif;\"><strong>Die UAB \u201eVilterra\u201c ist stolz auf die Lieferung qualitativer, zuverl\u00e4ssiger und sicherer Logistikdienstleistungen. <\/strong><\/span><\/em><\/span><\/p>\n[\/vc_column_text][\/vc_column][\/vc_row]\n","protected":false},"excerpt":{"rendered":"[vc_row bg_type=&#8221;image&#8221; parallax_style=&#8221;vcpb-default&#8221; bg_image_new=&#8221;80|http:\/\/vilterra.lt\/wp-content\/uploads\/2015\/08\/top-page-bgr.png&#8221; bg_override=&#8221;ex-full&#8221; seperator_enable=&#8221;seperator_enable_value&#8221; seperator_type=&#8221;xlarge_triangle_seperator&#8221; seperator_position=&#8221;bottom_seperator&#8221; seperator_shape_background=&#8221;#ffffff&#8221; css=&#8221;.vc_custom_1443132352875{padding-top: 105px !important;}&#8221;][vc_column][vc_column_text el_class=&#8221;triangle-header&#8221;]TRANSPORTLOGISTIK[\/vc_column_text][\/vc_column][\/vc_row][vc_row][vc_column css=&#8221;.vc_custom_1460937869563{margin-bottom: 20px !important;}&#8221;][vc_column_text] Die UAB \u201eVilterra\u201c ist das Unternehmen mit gro\u00dfer Erfahrung, das erfolgreich auf dem Gebiet der internationalen Spedition und Logistik seit 2008 arbeitet. Die von den Kunden anerkannte langj\u00e4hrige Erfahrung, einwandfreie Reputation und hohe Qualifikation haben bewiesen, dass wir der&#8230; <a class=\"view-article\" href=\"https:\/\/www.vilterra.lt\/de\/services\/\">Artikel ansehen<\/a>","protected":false},"author":1,"featured_media":0,"parent":0,"menu_order":0,"comment_status":"closed","ping_status":"open","template":"","meta":{"footnotes":""},"class_list":["post-7","page","type-page","status-publish","hentry"],"translation":{"provider":"WPGlobus","version":"3.0.1","language":"de","enabled_languages":["en","lt","de","pl"],"languages":{"en":{"title":true,"content":true,"excerpt":false},"lt":{"title":true,"content":true,"excerpt":false},"de":{"title":false,"content":true,"excerpt":false},"pl":{"title":false,"content":true,"excerpt":false}}},"aioseo_notices":[],"_links":{"self":[{"href":"https:\/\/www.vilterra.lt\/de\/wp-json\/wp\/v2\/pages\/7","targetHints":{"allow":["GET"]}}],"collection":[{"href":"https:\/\/www.vilterra.lt\/de\/wp-json\/wp\/v2\/pages"}],"about":[{"href":"https:\/\/www.vilterra.lt\/de\/wp-json\/wp\/v2\/types\/page"}],"author":[{"embeddable":true,"href":"https:\/\/www.vilterra.lt\/de\/wp-json\/wp\/v2\/users\/1"}],"replies":[{"embeddable":true,"href":"https:\/\/www.vilterra.lt\/de\/wp-json\/wp\/v2\/comments?post=7"}],"version-history":[{"count":104,"href":"https:\/\/www.vilterra.lt\/de\/wp-json\/wp\/v2\/pages\/7\/revisions"}],"predecessor-version":[{"id":1314,"href":"https:\/\/www.vilterra.lt\/de\/wp-json\/wp\/v2\/pages\/7\/revisions\/1314"}],"wp:attachment":[{"href":"https:\/\/www.vilterra.lt\/de\/wp-json\/wp\/v2\/media?parent=7"}],"curies":[{"name":"wp","href":"https:\/\/api.w.org\/{rel}","templated":true}]}}