{"id":18,"date":"2015-08-06T19:26:43","date_gmt":"2015-08-06T19:26:43","guid":{"rendered":"http:\/\/vilterra.lt\/?page_id=18"},"modified":"2026-01-26T11:38:10","modified_gmt":"2026-01-26T11:38:10","slug":"home","status":"publish","type":"page","link":"https:\/\/www.vilterra.lt\/lt\/","title":{"rendered":"Atgal"},"content":{"rendered":"[vc_row][vc_column][vc_column_text]<script type=\"text\/javascript\">jQuery(function() { _initLayerSlider( '#layerslider_2_ionksepvsrft', {sliderVersion: '', responsiveUnder: 0, layersContainer: 1200, hideUnder: 0, hideOver: 100000, pauseOnHover: 'on', skin: 'v5', sliderFadeInDuration: 350, useSrcset: true, skinsPath: 'https:\/\/www.vilterra.lt\/wp-content\/plugins\/LayerSlider\/assets\/static\/layerslider\/skins\/', type: 'fullwidth', showCircleTimer: false, performanceMode: true}); });<\/script><div id=\"layerslider_2_ionksepvsrft\"  class=\"ls-wp-container fitvidsignore ls-selectable\" style=\"width:100%;height:700px;margin:0 auto;margin-bottom: 40px;\"><div class=\"ls-slide\" data-ls=\"duration:12000;transition2d:11;\"><img loading=\"lazy\" decoding=\"async\" width=\"1496\" height=\"885\" src=\"https:\/\/www.vilterra.lt\/wp-content\/uploads\/2015\/08\/slider-background54.jpg\" class=\"ls-bg\" alt=\"\" srcset=\"https:\/\/www.vilterra.lt\/wp-content\/uploads\/2015\/08\/slider-background54.jpg 1496w, https:\/\/www.vilterra.lt\/wp-content\/uploads\/2015\/08\/slider-background54-250x148.jpg 250w, https:\/\/www.vilterra.lt\/wp-content\/uploads\/2015\/08\/slider-background54-700x414.jpg 700w, https:\/\/www.vilterra.lt\/wp-content\/uploads\/2015\/08\/slider-background54-120x71.jpg 120w\" sizes=\"auto, (max-width: 1496px) 100vw, 1496px\" \/><p style=\"padding-top:;padding-right:;top:284px;left:94px;\" class=\"ls-l ls-text-layer\" data-ls=\"offsetxin:-80;offsetxout:80;durationout:400;parallaxlevel:0;\"><span style=\"font-size: 26pt; text-shadow: 2px 2px 4px #000000; color: #ffffff;\">\nJ\u016aS\u0172 PARTNERIS:<br>\nauk\u0161\u010diausios kokyb\u0117s fanera <br>\nir nepriekai\u0161tingos reputacijos<br>\ntransporto logistika<\/span>\u00a0<\/p><img loading=\"lazy\" decoding=\"async\" width=\"610\" height=\"680\" src=\"https:\/\/www.vilterra.lt\/wp-content\/uploads\/2015\/08\/map2.png\" class=\"ls-l ls-img-layer\" alt=\"\" srcset=\"https:\/\/www.vilterra.lt\/wp-content\/uploads\/2015\/08\/map2.png 610w, https:\/\/www.vilterra.lt\/wp-content\/uploads\/2015\/08\/map2-250x279.png 250w, https:\/\/www.vilterra.lt\/wp-content\/uploads\/2015\/08\/map2-120x134.png 120w\" sizes=\"auto, (max-width: 610px) 100vw, 610px\" style=\"top:-10px;left:670px;\" data-ls=\"offsetxin:80;offsetxout:-80;durationout:400;parallaxlevel:0;\"><\/div><div class=\"ls-slide\" data-ls=\"duration:12000;transition2d:11;\"><img loading=\"lazy\" decoding=\"async\" width=\"1400\" height=\"875\" src=\"https:\/\/www.vilterra.lt\/wp-content\/uploads\/2016\/01\/birch-plywood-33.jpg\" class=\"ls-bg\" alt=\"\" srcset=\"https:\/\/www.vilterra.lt\/wp-content\/uploads\/2016\/01\/birch-plywood-33.jpg 1400w, https:\/\/www.vilterra.lt\/wp-content\/uploads\/2016\/01\/birch-plywood-33-250x156.jpg 250w, https:\/\/www.vilterra.lt\/wp-content\/uploads\/2016\/01\/birch-plywood-33-700x438.jpg 700w, https:\/\/www.vilterra.lt\/wp-content\/uploads\/2016\/01\/birch-plywood-33-120x75.jpg 120w\" sizes=\"auto, (max-width: 1400px) 100vw, 1400px\" \/><p style=\"width:;height:;padding-top:;padding-right:;padding-bottom:;padding-left:;border-top:;border-right:;border-bottom:;border-left:;font-family:;font-size:;line-height:;color:;background:;border-radius:;top:559px;left:366px;\" class=\"ls-l ls-text-layer\" data-ls=\"offsetxin:80;offsetxout:-80;durationout:400;parallaxlevel:0;\"><span style=\"font-size: 26pt; text-shadow: 2px 2px 4px #000000; color: #ffffff;\">Auk\u0161\u010diausios kokyb\u0117s ber\u017ein\u0117 fanera<br><\/span>\u00a0<\/p><img loading=\"lazy\" decoding=\"async\" width=\"787\" height=\"191\" src=\"https:\/\/www.vilterra.lt\/wp-content\/uploads\/2015\/12\/plywood.png\" class=\"ls-l ls-img-layer\" alt=\"\" srcset=\"https:\/\/www.vilterra.lt\/wp-content\/uploads\/2015\/12\/plywood.png 787w, https:\/\/www.vilterra.lt\/wp-content\/uploads\/2015\/12\/plywood-250x61.png 250w, https:\/\/www.vilterra.lt\/wp-content\/uploads\/2015\/12\/plywood-700x170.png 700w, https:\/\/www.vilterra.lt\/wp-content\/uploads\/2015\/12\/plywood-120x29.png 120w\" sizes=\"auto, (max-width: 787px) 100vw, 787px\" style=\"width:;height:;padding-top:;padding-right:;padding-bottom:;padding-left:;border-top:;border-right:;border-bottom:;border-left:;font-family:;font-size:;line-height:;color:;background:;border-radius:;top:347px;left:213px;\" data-ls=\"offsetxin:-80;offsetxout:80;durationout:400;parallaxlevel:0;\"><\/div><div class=\"ls-slide\" data-ls=\"duration:12000;transition2d:11;\"><img loading=\"lazy\" decoding=\"async\" width=\"1400\" height=\"842\" src=\"https:\/\/www.vilterra.lt\/wp-content\/uploads\/2016\/01\/slide-road.jpg\" class=\"ls-bg\" alt=\"\" srcset=\"https:\/\/www.vilterra.lt\/wp-content\/uploads\/2016\/01\/slide-road.jpg 1400w, https:\/\/www.vilterra.lt\/wp-content\/uploads\/2016\/01\/slide-road-250x150.jpg 250w, https:\/\/www.vilterra.lt\/wp-content\/uploads\/2016\/01\/slide-road-700x421.jpg 700w, https:\/\/www.vilterra.lt\/wp-content\/uploads\/2016\/01\/slide-road-120x72.jpg 120w\" sizes=\"auto, (max-width: 1400px) 100vw, 1400px\" \/><div style=\"width:;height:;padding-top:;padding-right:;padding-bottom:;padding-left:;border-top:;border-right:;border-bottom:;border-left:;font-family:;font-size:;line-height:;color:;background:;border-radius:;top:335px;left:113px;\" class=\"ls-l ls-html-layer\" data-ls=\"offsetxin:80;offsetxout:-80;durationout:400;parallaxlevel:0;\"><span style=\"font-size: 26pt; text-shadow: 2px 2px 4px #000000; color: #ffffff;\">\nTIESIAUSIAS KELIAS \u012e S\u0116KM\u0118 - <br>\n\"Vilterra logistics\"\n<\/span>\u00a0<\/div><img loading=\"lazy\" decoding=\"async\" width=\"441\" height=\"433\" src=\"https:\/\/www.vilterra.lt\/wp-content\/uploads\/2015\/12\/Untitled-1a.png\" class=\"ls-l ls-img-layer\" alt=\"\" srcset=\"https:\/\/www.vilterra.lt\/wp-content\/uploads\/2015\/12\/Untitled-1a.png 441w, https:\/\/www.vilterra.lt\/wp-content\/uploads\/2015\/12\/Untitled-1a-250x245.png 250w, https:\/\/www.vilterra.lt\/wp-content\/uploads\/2015\/12\/Untitled-1a-120x118.png 120w\" sizes=\"auto, (max-width: 441px) 100vw, 441px\" style=\"width:;height:;padding-top:;padding-right:;padding-bottom:;padding-left:;border-top:;border-right:;border-bottom:;border-left:;font-family:;font-size:;line-height:;color:;background:;border-radius:;top:163px;left:664px;\" data-ls=\"offsetxin:-80;offsetxout:80;durationout:400;parallaxlevel:0;\"><\/div><\/div>[\/vc_column_text][\/vc_column][\/vc_row][vc_row][vc_column][vc_column_text css=&#8221;.vc_custom_1470163955541{background: #ffffff url(http:\/\/vilterra.lt\/wp-content\/uploads\/2015\/08\/single-green-line.png?id=843) !important;background-position: 0 0 !important;background-repeat: no-repeat !important;}&#8221; el_class=&#8221;set-row-width&#8221;]\n<p style=\"text-align: center;\"><span style=\"font-size: 21pt;\"><em><strong><span style=\"font-family: helvetica, arial, sans-serif; color: #1e396c;\">Dalinkit\u0117s m\u016bs\u0173 aistra siekiant tobulumo<\/span><\/strong><\/em><\/span><\/p>\n[\/vc_column_text][\/vc_column][\/vc_row][vc_row bg_type=&#8221;bg_color&#8221; bg_override=&#8221;full&#8221; bg_color_value=&#8221;#ffffff&#8221; css=&#8221;.vc_custom_1452660201956{margin-top: 40px !important;margin-bottom: 50px !important;}&#8221; el_id=&#8221;p-stock&#8221;][vc_column width=&#8221;1\/3&#8243;][vc_column_text css=&#8221;.vc_custom_1470408476209{background-color: #ffffff !important;}&#8221; el_class=&#8221;set-row-width&#8221;]\n<div class=\"products-in-stock2\">\n<p>Produktai prekyboje<\/p>\n<a href=\"\/lt\/products\" class=\"su-button su-button-style-default home-btn-view-all\" style=\"color:#000000;background-color:#ffffff;border-color:#cccccc;border-radius:5px\" target=\"_self\"><span style=\"color:#000000;padding:0px 16px;font-size:13px;line-height:26px;border-color:#ffffff;border-radius:5px;text-shadow:none\"> Visi<\/span><\/a>\n<\/div>\n[\/vc_column_text][\/vc_column][vc_column width=&#8221;2\/3&#8243;][vc_raw_html]JTNDZGl2JTIwaWQlM0QlMjJncmlkJTIyJTNFJTBBJTIwJTIwJTIwJTIwJTNDZGl2JTIwY2xhc3MlM0QlMjJpdGVtJTIyJTNFJTBBJTIwJTIwJTIwJTIwJTIwJTIwJTIwJTIwJTNDaW1nJTIwc3JjJTNEJTIyJTJGaG9tZS1pbWclMkZiaXJjaC1wbHl3b29kLmpwZyUyMiUyMCUyRiUzRSUwQSUyMCUyMCUyMCUyMCUyMCUyMCUyMCUyMCUzQ2ElMjBocmVmJTNEJTIyJTJGcHJvZHVjdHMlMkZwbHl3b29kJTJGJTIyJTNFJTBBJTIwJTIwJTIwJTIwJTIwJTIwJTIwJTIwJTIwJTIwJTIwJTIwJTNDZGl2JTIwY2xhc3MlM0QlMjJob3ZlciUyMiUzRSUwQSUyMCUyMCUyMCUyMCUyMCUyMCUyMCUyMCUyMCUyMCUyMCUyMCUyMCUyMCUyMCUyMCUzQ2g0JTIwY2xhc3MlM0QlMjJ0aXRsZSUyMiUzRUJFUiVDNSVCRElOJUM0JTk2JTIwRkFORVJBJTNDJTJGaDQlM0UlMEElMjAlMjAlMjAlMjAlMjAlMjAlMjAlMjAlMjAlMjAlMjAlMjAlMjAlMjAlMjAlMjAlM0NoNSUyMGNsYXNzJTNEJTIyc3VidGl0bGUlMjIlM0VHcmElQzUlQkVpJTIwbmF0JUM1JUFCcmFsYXVzJTIwbWVkJUM1JUJFaW8lMjAlM0NiciUzRXN0cnVrdCVDNSVBQnJhJTNDJTJGaDUlM0UlMEElMjAlMjAlMjAlMjAlMjAlMjAlMjAlMjAlMjAlMjAlMjAlMjAlM0MlMkZkaXYlM0UlMEElMjAlMjAlMjAlMjAlMjAlMjAlMjAlMjAlM0MlMkZhJTNFJTBBJTIwJTIwJTIwJTIwJTNDJTJGZGl2JTNFJTBBJTIwJTIwJTIwJTIwJTNDZGl2JTIwY2xhc3MlM0QlMjJpdGVtJTIyJTNFJTBBJTIwJTIwJTIwJTIwJTIwJTIwJTIwJTIwJTNDaW1nJTIwc3JjJTNEJTIyJTJGaG9tZS1pbWclMkZmaWxtLWZhY2VkLXBseXdvb2QuanBnJTIyJTIwJTJGJTNFJTBBJTIwJTIwJTIwJTIwJTIwJTIwJTIwJTIwJTNDYSUyMGhyZWYlM0QlMjIlMkZwcm9kdWN0cyUyRnBseXdvb2QlMkYlMjIlM0UlMEElMjAlMjAlMjAlMjAlMjAlMjAlMjAlMjAlMjAlMjAlMjAlMjAlM0NkaXYlMjBjbGFzcyUzRCUyMmhvdmVyJTIyJTNFJTBBJTIwJTIwJTIwJTIwJTIwJTIwJTIwJTIwJTIwJTIwJTIwJTIwJTIwJTIwJTIwJTIwJTNDaDQlMjBjbGFzcyUzRCUyMnRpdGxlJTIyJTNFTEFNSU5VT1RBJTIwRkFORVJBJTNDJTJGaDQlM0UlMEElMjAlMjAlMjAlMjAlMjAlMjAlMjAlMjAlMjAlMjAlMjAlMjAlMjAlMjAlMjAlMjAlM0NoNSUyMGNsYXNzJTNEJTIyc3VidGl0bGUlMjIlM0VJcnJlcGxhY2VhYmxlJTIwaW4lMjBjb25kaXRpb25zJTIwJTNDYnIlM0VvZiUyMHRoZSUyMG9wZW4lMjBlbnZpcm9ubWVudCUzQyUyRmg1JTNFJTBBJTIwJTIwJTIwJTIwJTIwJTIwJTIwJTIwJTIwJTIwJTIwJTIwJTNDJTJGZGl2JTNFJTBBJTIwJTIwJTIwJTIwJTIwJTIwJTIwJTIwJTNDJTJGYSUzRSUwQSUyMCUyMCUyMCUyMCUzQyUyRmRpdiUzRSUwQSUyMCUyMCUyMCUyMCUzQ2RpdiUyMGNsYXNzJTNEJTIyaXRlbSUyMiUzRSUwQSUyMCUyMCUyMCUyMCUyMCUyMCUyMCUyMCUzQ2ltZyUyMHNyYyUzRCUyMiUyRmhvbWUtaW1nJTJGYW50aS1zbGlwLXBseXdvb2QuanBnJTIyJTIwJTJGJTNFJTBBJTIwJTIwJTIwJTIwJTIwJTIwJTIwJTIwJTNDYSUyMGhyZWYlM0QlMjIlMkZwcm9kdWN0cyUyRnBseXdvb2QlMkYlMjIlM0UlMEElMjAlMjAlMjAlMjAlMjAlMjAlMjAlMjAlMjAlMjAlMjAlMjAlM0NkaXYlMjBjbGFzcyUzRCUyMmhvdmVyJTIyJTNFJTBBJTIwJTIwJTIwJTIwJTIwJTIwJTIwJTIwJTIwJTIwJTIwJTIwJTIwJTIwJTIwJTIwJTNDaDQlMjBjbGFzcyUzRCUyMnRpdGxlJTIyJTNFUklGTElVT1RBJTIwRkFORVJBJTNDJTJGaDQlM0UlMEElMjAlMjAlMjAlMjAlMjAlMjAlMjAlMjAlMjAlMjAlMjAlMjAlMjAlMjAlMjAlMjAlM0NoNSUyMGNsYXNzJTNEJTIyc3VidGl0bGUlMjIlM0VJZGVhbCUyMGZvciUyMGFwcGxpY2F0aW9ucyUyMCUzQ2JyJTNFZGVtYW5kaW5nJTIwaGlnaCUyMHdlYXIlMjAlM0NiciUzRXJlc2lzdGFuY2UlM0MlMkZoNSUzRSUwQSUyMCUyMCUyMCUyMCUyMCUyMCUyMCUyMCUyMCUyMCUyMCUyMCUzQyUyRmRpdiUzRSUwQSUyMCUyMCUyMCUyMCUyMCUyMCUyMCUyMCUzQyUyRmElM0UlMEElMjAlMjAlMjAlMjAlM0MlMkZkaXYlM0UlMEElMjAlMjAlMjAlMjAlM0NkaXYlMjBjbGFzcyUzRCUyMml0ZW0lMjIlM0UlMEElMjAlMjAlMjAlMjAlMjAlMjAlMjAlMjAlM0NpbWclMjBzcmMlM0QlMjIlMkZob21lLWltZyUyRmN1dC10by1zaXplLXBseXdvb2QuanBnJTIyJTIwJTJGJTNFJTBBJTIwJTIwJTIwJTIwJTIwJTIwJTIwJTIwJTNDYSUyMGhyZWYlM0QlMjIlMkZwcm9kdWN0cyUyRmN1dC10by1zaXplJTJGJTIyJTNFJTBBJTIwJTIwJTIwJTIwJTIwJTIwJTIwJTIwJTIwJTIwJTIwJTIwJTNDZGl2JTIwY2xhc3MlM0QlMjJob3ZlciUyMiUzRSUwQSUyMCUyMCUyMCUyMCUyMCUyMCUyMCUyMCUyMCUyMCUyMCUyMCUyMCUyMCUyMCUyMCUzQ2g0JTIwY2xhc3MlM0QlMjJ0aXRsZSUyMiUzRVBKQVVTVFlNQVMlM0MlMkZoNCUzRSUwQSUyMCUyMCUyMCUyMCUyMCUyMCUyMCUyMCUyMCUyMCUyMCUyMCUyMCUyMCUyMCUyMCUzQ2g1JTIwY2xhc3MlM0QlMjJzdWJ0aXRsZSUyMiUzRVRvbGVyYW5jZXMlMjB3aXRoaW4lMjAlM0NiciUzRTAuMm1tJTIwb3IlMjBiZXR0ZXIlM0MlMkZoNSUzRSUwQSUyMCUyMCUyMCUyMCUyMCUyMCUyMCUyMCUyMCUyMCUyMCUyMCUzQyUyRmRpdiUzRSUwQSUyMCUyMCUyMCUyMCUyMCUyMCUyMCUyMCUzQyUyRmElM0UlMEElMjAlMjAlMjAlMjAlM0MlMkZkaXYlM0UlMEElMjAlMjAlMjAlMjAlM0NkaXYlMjBjbGFzcyUzRCUyMml0ZW0lMjIlM0UlMEElMjAlMjAlMjAlMjAlMjAlMjAlMjAlMjAlM0NpbWclMjBzcmMlM0QlMjIlMkZob21lLWltZyUyRm1kZjIuanBnJTIyJTIwJTJGJTNFJTBBJTIwJTIwJTIwJTIwJTIwJTIwJTIwJTIwJTNDYSUyMGhyZWYlM0QlMjIlMkZwcm9kdWN0cyUyRm1kZiUyRiUyMiUzRSUwQSUyMCUyMCUyMCUyMCUyMCUyMCUyMCUyMCUyMCUyMCUyMCUyMCUzQ2RpdiUyMGNsYXNzJTNEJTIyaG92ZXIlMjIlM0UlMEElMjAlMjAlMjAlMjAlMjAlMjAlMjAlMjAlMjAlMjAlMjAlMjAlMjAlMjAlMjAlMjAlM0NoNCUyMGNsYXNzJTNEJTIydGl0bGUlMjIlM0UlMjhNREYlMjklMjBQTE9LJUM1JUEwVCVDNCU5NiUzQyUyRmg0JTNFJTBBJTIwJTIwJTIwJTIwJTIwJTIwJTIwJTIwJTIwJTIwJTIwJTIwJTIwJTIwJTIwJTIwJTNDaDUlMjBjbGFzcyUzRCUyMnN1YnRpdGxlJTIyJTNFTWVkaXVtJTIwZGVuc2l0eSUyMGZpYmVyYm9hcmQlMjAtJTIwJTNDYnIlM0UlMjBleHRyZW1lbHklMjBmaW5lJTIwd29vZCUyMGZpYmVycyUzQyUyRmg1JTNFJTBBJTIwJTIwJTIwJTIwJTIwJTIwJTIwJTIwJTIwJTIwJTIwJTIwJTNDJTJGZGl2JTNFJTBBJTIwJTIwJTIwJTIwJTIwJTIwJTIwJTIwJTNDJTJGYSUzRSUwQSUyMCUyMCUyMCUyMCUzQyUyRmRpdiUzRSUwQSUyMCUyMCUyMCUyMCUzQ2RpdiUyMGNsYXNzJTNEJTIyaXRlbSUyMiUzRSUwQSUyMCUyMCUyMCUyMCUyMCUyMCUyMCUyMCUzQ2ltZyUyMHNyYyUzRCUyMiUyRmhvbWUtaW1nJTJGcGFydGljbGUtYm9hcmQuanBnJTIyJTIwJTJGJTNFJTBBJTIwJTIwJTIwJTIwJTIwJTIwJTIwJTIwJTNDYSUyMGhyZWYlM0QlMjIlMkZwcm9kdWN0cyUyRnBhcnRpY2xlLWJvYXJkJTJGJTIyJTNFJTBBJTIwJTIwJTIwJTIwJTIwJTIwJTIwJTIwJTIwJTIwJTIwJTIwJTNDZGl2JTIwY2xhc3MlM0QlMjJob3ZlciUyMiUzRSUwQSUyMCUyMCUyMCUyMCUyMCUyMCUyMCUyMCUyMCUyMCUyMCUyMCUyMCUyMCUyMCUyMCUzQ2g0JTIwY2xhc3MlM0QlMjJ0aXRsZSUyMiUzRSUyOE1EUCUyOSUyMFBMT0slQzUlQTBUJUM0JTk2JTNDJTJGaDQlM0UlMEElMjAlMjAlMjAlMjAlMjAlMjAlMjAlMjAlMjAlMjAlMjAlMjAlMjAlMjAlMjAlMjAlM0NoNSUyMGNsYXNzJTNEJTIyc3VidGl0bGUlMjIlM0VNYW51ZmFjdHVyZWQlMjBmcm9tJTIwd29vZCUyMCUzQ2JyJTNFY2hpcHMlMkMlMjBzYXdtaWxsJTIwc2hhdmluZ3MlM0MlMkZoNSUzRSUwQSUyMCUyMCUyMCUyMCUyMCUyMCUyMCUyMCUyMCUyMCUyMCUyMCUzQyUyRmRpdiUzRSUwQSUyMCUyMCUyMCUyMCUyMCUyMCUyMCUyMCUzQyUyRmElM0UlMEElMjAlMjAlMjAlMjAlM0MlMkZkaXYlM0UlMEElM0MlMkZkaXYlM0U=[\/vc_raw_html][\/vc_column][\/vc_row][vc_row bg_type=&#8221;image&#8221; parallax_style=&#8221;vcpb-default&#8221; bg_image_new=&#8221;158|http:\/\/vilterra.lt\/wp-content\/uploads\/2015\/08\/logistics-background.jpg&#8221; bg_image_repeat=&#8221;no-repeat&#8221; css=&#8221;.vc_custom_1445556404203{margin-top: 50px !important;}&#8221;][vc_column][vc_column_text el_class=&#8221;set-row-width&#8221;]\n<div class=\"viterra-logistics-left-filler\"><\/div>\n<div class=\"viterra-logistics-height-set\">\n<div class=\"vilterra-logistics\">\n<p>&#8220;Vilterra Logistics&#8221;<\/p>\n<a href=\"\/lt\/services\" class=\"su-button su-button-style-default home-btn-about\" style=\"color:#000000;background-color:#ffffff;border-color:#cccccc;border-radius:5px\" target=\"_self\"><span style=\"color:#000000;padding:0px 16px;font-size:13px;line-height:26px;border-color:#ffffff;border-radius:5px;text-shadow:none\"> Apie<\/span><\/a>\n<\/div>\n<\/div>\n[\/vc_column_text][\/vc_column][\/vc_row]\n","protected":false},"excerpt":{"rendered":"[vc_row][vc_column][vc_column_text][\/vc_column_text][\/vc_column][\/vc_row][vc_row][vc_column][vc_column_text css=&#8221;.vc_custom_1470163955541{background: #ffffff url(http:\/\/vilterra.lt\/wp-content\/uploads\/2015\/08\/single-green-line.png?id=843) !important;background-position: 0 0 !important;background-repeat: no-repeat !important;}&#8221; el_class=&#8221;set-row-width&#8221;] Dalinkit\u0117s m\u016bs\u0173 aistra siekiant tobulumo [\/vc_column_text][\/vc_column][\/vc_row][vc_row bg_type=&#8221;bg_color&#8221; bg_override=&#8221;full&#8221; bg_color_value=&#8221;#ffffff&#8221; css=&#8221;.vc_custom_1452660201956{margin-top: 40px !important;margin-bottom: 50px !important;}&#8221; el_id=&#8221;p-stock&#8221;][vc_column width=&#8221;1\/3&#8243;][vc_column_text css=&#8221;.vc_custom_1470408476209{background-color: #ffffff !important;}&#8221; el_class=&#8221;set-row-width&#8221;] Produktai prekyboje [\/vc_column_text][\/vc_column][vc_column width=&#8221;2\/3&#8243;][vc_raw_html]JTNDZGl2JTIwaWQlM0QlMjJncmlkJTIyJTNFJTBBJTIwJTIwJTIwJTIwJTNDZGl2JTIwY2xhc3MlM0QlMjJpdGVtJTIyJTNFJTBBJTIwJTIwJTIwJTIwJTIwJTIwJTIwJTIwJTNDaW1nJTIwc3JjJTNEJTIyJTJGaG9tZS1pbWclMkZiaXJjaC1wbHl3b29kLmpwZyUyMiUyMCUyRiUzRSUwQSUyMCUyMCUyMCUyMCUyMCUyMCUyMCUyMCUzQ2ElMjBocmVmJTNEJTIyJTJGcHJvZHVjdHMlMkZwbHl3b29kJTJGJTIyJTNFJTBBJTIwJTIwJTIwJTIwJTIwJTIwJTIwJTIwJTIwJTIwJTIwJTIwJTNDZGl2JTIwY2xhc3MlM0QlMjJob3ZlciUyMiUzRSUwQSUyMCUyMCUyMCUyMCUyMCUyMCUyMCUyMCUyMCUyMCUyMCUyMCUyMCUyMCUyMCUyMCUzQ2g0JTIwY2xhc3MlM0QlMjJ0aXRsZSUyMiUzRUJFUiVDNSVCRElOJUM0JTk2JTIwRkFORVJBJTNDJTJGaDQlM0UlMEElMjAlMjAlMjAlMjAlMjAlMjAlMjAlMjAlMjAlMjAlMjAlMjAlMjAlMjAlMjAlMjAlM0NoNSUyMGNsYXNzJTNEJTIyc3VidGl0bGUlMjIlM0VHcmElQzUlQkVpJTIwbmF0JUM1JUFCcmFsYXVzJTIwbWVkJUM1JUJFaW8lMjAlM0NiciUzRXN0cnVrdCVDNSVBQnJhJTNDJTJGaDUlM0UlMEElMjAlMjAlMjAlMjAlMjAlMjAlMjAlMjAlMjAlMjAlMjAlMjAlM0MlMkZkaXYlM0UlMEElMjAlMjAlMjAlMjAlMjAlMjAlMjAlMjAlM0MlMkZhJTNFJTBBJTIwJTIwJTIwJTIwJTNDJTJGZGl2JTNFJTBBJTIwJTIwJTIwJTIwJTNDZGl2JTIwY2xhc3MlM0QlMjJpdGVtJTIyJTNFJTBBJTIwJTIwJTIwJTIwJTIwJTIwJTIwJTIwJTNDaW1nJTIwc3JjJTNEJTIyJTJGaG9tZS1pbWclMkZmaWxtLWZhY2VkLXBseXdvb2QuanBnJTIyJTIwJTJGJTNFJTBBJTIwJTIwJTIwJTIwJTIwJTIwJTIwJTIwJTNDYSUyMGhyZWYlM0QlMjIlMkZwcm9kdWN0cyUyRnBseXdvb2QlMkYlMjIlM0UlMEElMjAlMjAlMjAlMjAlMjAlMjAlMjAlMjAlMjAlMjAlMjAlMjAlM0NkaXYlMjBjbGFzcyUzRCUyMmhvdmVyJTIyJTNFJTBBJTIwJTIwJTIwJTIwJTIwJTIwJTIwJTIwJTIwJTIwJTIwJTIwJTIwJTIwJTIwJTIwJTNDaDQlMjBjbGFzcyUzRCUyMnRpdGxlJTIyJTNFTEFNSU5VT1RBJTIwRkFORVJBJTNDJTJGaDQlM0UlMEElMjAlMjAlMjAlMjAlMjAlMjAlMjAlMjAlMjAlMjAlMjAlMjAlMjAlMjAlMjAlMjAlM0NoNSUyMGNsYXNzJTNEJTIyc3VidGl0bGUlMjIlM0VJcnJlcGxhY2VhYmxlJTIwaW4lMjBjb25kaXRpb25zJTIwJTNDYnIlM0VvZiUyMHRoZSUyMG9wZW4lMjBlbnZpcm9ubWVudCUzQyUyRmg1JTNFJTBBJTIwJTIwJTIwJTIwJTIwJTIwJTIwJTIwJTIwJTIwJTIwJTIwJTNDJTJGZGl2JTNFJTBBJTIwJTIwJTIwJTIwJTIwJTIwJTIwJTIwJTNDJTJGYSUzRSUwQSUyMCUyMCUyMCUyMCUzQyUyRmRpdiUzRSUwQSUyMCUyMCUyMCUyMCUzQ2RpdiUyMGNsYXNzJTNEJTIyaXRlbSUyMiUzRSUwQSUyMCUyMCUyMCUyMCUyMCUyMCUyMCUyMCUzQ2ltZyUyMHNyYyUzRCUyMiUyRmhvbWUtaW1nJTJGYW50aS1zbGlwLXBseXdvb2QuanBnJTIyJTIwJTJGJTNFJTBBJTIwJTIwJTIwJTIwJTIwJTIwJTIwJTIwJTNDYSUyMGhyZWYlM0QlMjIlMkZwcm9kdWN0cyUyRnBseXdvb2QlMkYlMjIlM0UlMEElMjAlMjAlMjAlMjAlMjAlMjAlMjAlMjAlMjAlMjAlMjAlMjAlM0NkaXYlMjBjbGFzcyUzRCUyMmhvdmVyJTIyJTNFJTBBJTIwJTIwJTIwJTIwJTIwJTIwJTIwJTIwJTIwJTIwJTIwJTIwJTIwJTIwJTIwJTIwJTNDaDQlMjBjbGFzcyUzRCUyMnRpdGxlJTIyJTNFUklGTElVT1RBJTIwRkFORVJBJTNDJTJGaDQlM0UlMEElMjAlMjAlMjAlMjAlMjAlMjAlMjAlMjAlMjAlMjAlMjAlMjAlMjAlMjAlMjAlMjAlM0NoNSUyMGNsYXNzJTNEJTIyc3VidGl0bGUlMjIlM0VJZGVhbCUyMGZvciUyMGFwcGxpY2F0aW9ucyUyMCUzQ2JyJTNFZGVtYW5kaW5nJTIwaGlnaCUyMHdlYXIlMjAlM0NiciUzRXJlc2lzdGFuY2UlM0MlMkZoNSUzRSUwQSUyMCUyMCUyMCUyMCUyMCUyMCUyMCUyMCUyMCUyMCUyMCUyMCUzQyUyRmRpdiUzRSUwQSUyMCUyMCUyMCUyMCUyMCUyMCUyMCUyMCUzQyUyRmElM0UlMEElMjAlMjAlMjAlMjAlM0MlMkZkaXYlM0UlMEElMjAlMjAlMjAlMjAlM0NkaXYlMjBjbGFzcyUzRCUyMml0ZW0lMjIlM0UlMEElMjAlMjAlMjAlMjAlMjAlMjAlMjAlMjAlM0NpbWclMjBzcmMlM0QlMjIlMkZob21lLWltZyUyRmN1dC10by1zaXplLXBseXdvb2QuanBnJTIyJTIwJTJGJTNFJTBBJTIwJTIwJTIwJTIwJTIwJTIwJTIwJTIwJTNDYSUyMGhyZWYlM0QlMjIlMkZwcm9kdWN0cyUyRmN1dC10by1zaXplJTJGJTIyJTNFJTBBJTIwJTIwJTIwJTIwJTIwJTIwJTIwJTIwJTIwJTIwJTIwJTIwJTNDZGl2JTIwY2xhc3MlM0QlMjJob3ZlciUyMiUzRSUwQSUyMCUyMCUyMCUyMCUyMCUyMCUyMCUyMCUyMCUyMCUyMCUyMCUyMCUyMCUyMCUyMCUzQ2g0JTIwY2xhc3MlM0QlMjJ0aXRsZSUyMiUzRVBKQVVTVFlNQVMlM0MlMkZoNCUzRSUwQSUyMCUyMCUyMCUyMCUyMCUyMCUyMCUyMCUyMCUyMCUyMCUyMCUyMCUyMCUyMCUyMCUzQ2g1JTIwY2xhc3MlM0QlMjJzdWJ0aXRsZSUyMiUzRVRvbGVyYW5jZXMlMjB3aXRoaW4lMjAlM0NiciUzRTAuMm1tJTIwb3IlMjBiZXR0ZXIlM0MlMkZoNSUzRSUwQSUyMCUyMCUyMCUyMCUyMCUyMCUyMCUyMCUyMCUyMCUyMCUyMCUzQyUyRmRpdiUzRSUwQSUyMCUyMCUyMCUyMCUyMCUyMCUyMCUyMCUzQyUyRmElM0UlMEElMjAlMjAlMjAlMjAlM0MlMkZkaXYlM0UlMEElMjAlMjAlMjAlMjAlM0NkaXYlMjBjbGFzcyUzRCUyMml0ZW0lMjIlM0UlMEElMjAlMjAlMjAlMjAlMjAlMjAlMjAlMjAlM0NpbWclMjBzcmMlM0QlMjIlMkZob21lLWltZyUyRm1kZjIuanBnJTIyJTIwJTJGJTNFJTBBJTIwJTIwJTIwJTIwJTIwJTIwJTIwJTIwJTNDYSUyMGhyZWYlM0QlMjIlMkZwcm9kdWN0cyUyRm1kZiUyRiUyMiUzRSUwQSUyMCUyMCUyMCUyMCUyMCUyMCUyMCUyMCUyMCUyMCUyMCUyMCUzQ2RpdiUyMGNsYXNzJTNEJTIyaG92ZXIlMjIlM0UlMEElMjAlMjAlMjAlMjAlMjAlMjAlMjAlMjAlMjAlMjAlMjAlMjAlMjAlMjAlMjAlMjAlM0NoNCUyMGNsYXNzJTNEJTIydGl0bGUlMjIlM0UlMjhNREYlMjklMjBQTE9LJUM1JUEwVCVDNCU5NiUzQyUyRmg0JTNFJTBBJTIwJTIwJTIwJTIwJTIwJTIwJTIwJTIwJTIwJTIwJTIwJTIwJTIwJTIwJTIwJTIwJTNDaDUlMjBjbGFzcyUzRCUyMnN1YnRpdGxlJTIyJTNFTWVkaXVtJTIwZGVuc2l0eSUyMGZpYmVyYm9hcmQlMjAtJTIwJTNDYnIlM0UlMjBleHRyZW1lbHklMjBmaW5lJTIwd29vZCUyMGZpYmVycyUzQyUyRmg1JTNFJTBBJTIwJTIwJTIwJTIwJTIwJTIwJTIwJTIwJTIwJTIwJTIwJTIwJTNDJTJGZGl2JTNFJTBBJTIwJTIwJTIwJTIwJTIwJTIwJTIwJTIwJTNDJTJGYSUzRSUwQSUyMCUyMCUyMCUyMCUzQyUyRmRpdiUzRSUwQSUyMCUyMCUyMCUyMCUzQ2RpdiUyMGNsYXNzJTNEJTIyaXRlbSUyMiUzRSUwQSUyMCUyMCUyMCUyMCUyMCUyMCUyMCUyMCUzQ2ltZyUyMHNyYyUzRCUyMiUyRmhvbWUtaW1nJTJGcGFydGljbGUtYm9hcmQuanBnJTIyJTIwJTJGJTNFJTBBJTIwJTIwJTIwJTIwJTIwJTIwJTIwJTIwJTNDYSUyMGhyZWYlM0QlMjIlMkZwcm9kdWN0cyUyRnBhcnRpY2xlLWJvYXJkJTJGJTIyJTNFJTBBJTIwJTIwJTIwJTIwJTIwJTIwJTIwJTIwJTIwJTIwJTIwJTIwJTNDZGl2JTIwY2xhc3MlM0QlMjJob3ZlciUyMiUzRSUwQSUyMCUyMCUyMCUyMCUyMCUyMCUyMCUyMCUyMCUyMCUyMCUyMCUyMCUyMCUyMCUyMCUzQ2g0JTIwY2xhc3MlM0QlMjJ0aXRsZSUyMiUzRSUyOE1EUCUyOSUyMFBMT0slQzUlQTBUJUM0JTk2JTNDJTJGaDQlM0UlMEElMjAlMjAlMjAlMjAlMjAlMjAlMjAlMjAlMjAlMjAlMjAlMjAlMjAlMjAlMjAlMjAlM0NoNSUyMGNsYXNzJTNEJTIyc3VidGl0bGUlMjIlM0VNYW51ZmFjdHVyZWQlMjBmcm9tJTIwd29vZCUyMCUzQ2JyJTNFY2hpcHMlMkMlMjBzYXdtaWxsJTIwc2hhdmluZ3MlM0MlMkZoNSUzRSUwQSUyMCUyMCUyMCUyMCUyMCUyMCUyMCUyMCUyMCUyMCUyMCUyMCUzQyUyRmRpdiUzRSUwQSUyMCUyMCUyMCUyMCUyMCUyMCUyMCUyMCUzQyUyRmElM0UlMEElMjAlMjAlMjAlMjAlM0MlMkZkaXYlM0UlMEElM0MlMkZkaXYlM0U=[\/vc_raw_html][\/vc_column][\/vc_row][vc_row bg_type=&#8221;image&#8221; parallax_style=&#8221;vcpb-default&#8221; bg_image_new=&#8221;158|http:\/\/vilterra.lt\/wp-content\/uploads\/2015\/08\/logistics-background.jpg&#8221; bg_image_repeat=&#8221;no-repeat&#8221; css=&#8221;.vc_custom_1445556404203{margin-top: 50px !important;}&#8221;][vc_column][vc_column_text el_class=&#8221;set-row-width&#8221;] &#8220;Vilterra Logistics&#8221; [\/vc_column_text][\/vc_column][\/vc_row]","protected":false},"author":1,"featured_media":0,"parent":0,"menu_order":0,"comment_status":"closed","ping_status":"open","template":"template-home.php","meta":{"footnotes":""},"class_list":["post-18","page","type-page","status-publish","hentry"],"translation":{"provider":"WPGlobus","version":"3.0.1","language":"lt","enabled_languages":["en","lt","de","pl"],"languages":{"en":{"title":true,"content":true,"excerpt":false},"lt":{"title":true,"content":true,"excerpt":false},"de":{"title":false,"content":true,"excerpt":false},"pl":{"title":false,"content":true,"excerpt":false}}},"aioseo_notices":[],"_links":{"self":[{"href":"https:\/\/www.vilterra.lt\/lt\/wp-json\/wp\/v2\/pages\/18","targetHints":{"allow":["GET"]}}],"collection":[{"href":"https:\/\/www.vilterra.lt\/lt\/wp-json\/wp\/v2\/pages"}],"about":[{"href":"https:\/\/www.vilterra.lt\/lt\/wp-json\/wp\/v2\/types\/page"}],"author":[{"embeddable":true,"href":"https:\/\/www.vilterra.lt\/lt\/wp-json\/wp\/v2\/users\/1"}],"replies":[{"embeddable":true,"href":"https:\/\/www.vilterra.lt\/lt\/wp-json\/wp\/v2\/comments?post=18"}],"version-history":[{"count":317,"href":"https:\/\/www.vilterra.lt\/lt\/wp-json\/wp\/v2\/pages\/18\/revisions"}],"predecessor-version":[{"id":1284,"href":"https:\/\/www.vilterra.lt\/lt\/wp-json\/wp\/v2\/pages\/18\/revisions\/1284"}],"wp:attachment":[{"href":"https:\/\/www.vilterra.lt\/lt\/wp-json\/wp\/v2\/media?parent=18"}],"curies":[{"name":"wp","href":"https:\/\/api.w.org\/{rel}","templated":true}]}}