{"id":7,"date":"2015-08-05T23:31:39","date_gmt":"2015-08-05T23:31:39","guid":{"rendered":"http:\/\/vilterra.lt\/?page_id=7"},"modified":"2017-09-25T11:44:58","modified_gmt":"2017-09-25T11:44:58","slug":"services","status":"publish","type":"page","link":"https:\/\/www.vilterra.lt\/lt\/services\/","title":{"rendered":"Transportas"},"content":{"rendered":"[vc_row bg_type=&#8221;image&#8221; parallax_style=&#8221;vcpb-default&#8221; bg_image_new=&#8221;80|http:\/\/vilterra.lt\/wp-content\/uploads\/2015\/08\/top-page-bgr.png&#8221; bg_override=&#8221;ex-full&#8221; seperator_enable=&#8221;seperator_enable_value&#8221; seperator_type=&#8221;xlarge_triangle_seperator&#8221; seperator_position=&#8221;bottom_seperator&#8221; seperator_shape_background=&#8221;#ffffff&#8221; css=&#8221;.vc_custom_1443132352875{padding-top: 105px !important;}&#8221;][vc_column][vc_column_text el_class=&#8221;triangle-header&#8221;]TRANSPORTO LOGISTIKA[\/vc_column_text][\/vc_column][\/vc_row][vc_row][vc_column css=&#8221;.vc_custom_1460937869563{margin-bottom: 20px !important;}&#8221;][vc_column_text]\n<p style=\"text-align: center;\"><span style=\"font-size: 16pt; font-family: helvetica, arial, sans-serif;\">Nuo 2008m. UAB &#8220;Vilterra&#8221;, tai s\u0117kmingai dirbanti \u012fmon\u0117 tarptautini\u0173 krovini\u0173 gabenimo ir logistikos srityje. Ilgamet\u0117 darbo patirtis, nepriekai\u0161tinga reputacija ir auk\u0161ta kvalifikacija, patvirtinta klient\u0173, \u012frod\u0117, kad esame puikus partneris tarptautini\u0173 perve\u017eim\u0173 srityje. Ilgalaikis bendradarbiavimas ir augan\u010di\u0173 u\u017esakov\u0173 skai\u010dius, tai s\u0117kmingai i\u0161vystytos ir patikimos krovini\u0173 perve\u017eimo sistemos rezultatas.<\/span><\/p>\n[\/vc_column_text][\/vc_column][\/vc_row][vc_row][vc_column][vc_column_text]\n<hr \/>\n<p style=\"text-align: center;\"><span style=\"font-family: helvetica, arial, sans-serif; font-size: 20pt;\"><span style=\"font-size: 24pt;\">Informacija u\u017esakovui<\/span><br \/>\n<img loading=\"lazy\" decoding=\"async\" width=\"256\" height=\"10\" class=\"aligncenter size-full wp-image-467\" src=\"http:\/\/vilterra.lt\/wp-content\/uploads\/2015\/08\/Services-VILTERRA-8.jpg\" alt=\"Services VILTERRA 8\" srcset=\"https:\/\/www.vilterra.lt\/wp-content\/uploads\/2015\/08\/Services-VILTERRA-8.jpg 256w, https:\/\/www.vilterra.lt\/wp-content\/uploads\/2015\/08\/Services-VILTERRA-8-250x10.jpg 250w, https:\/\/www.vilterra.lt\/wp-content\/uploads\/2015\/08\/Services-VILTERRA-8-120x5.jpg 120w\" sizes=\"auto, (max-width: 256px) 100vw, 256px\" \/><br \/>\n<\/span><\/p>\n[\/vc_column_text][\/vc_column][\/vc_row][vc_row css=&#8221;.vc_custom_1460938056211{margin-bottom: 20px !important;}&#8221;][vc_column width=&#8221;1\/2&#8243;][vc_column_text]<img loading=\"lazy\" decoding=\"async\" width=\"557\" height=\"463\" class=\"aligncenter size-full wp-image-442\" src=\"http:\/\/vilterra.lt\/wp-content\/uploads\/2015\/08\/Services-VILTERRA-t.jpg\" alt=\"Services VILTERRA t\" srcset=\"https:\/\/www.vilterra.lt\/wp-content\/uploads\/2015\/08\/Services-VILTERRA-t.jpg 557w, https:\/\/www.vilterra.lt\/wp-content\/uploads\/2015\/08\/Services-VILTERRA-t-250x208.jpg 250w, https:\/\/www.vilterra.lt\/wp-content\/uploads\/2015\/08\/Services-VILTERRA-t-120x100.jpg 120w\" sizes=\"auto, (max-width: 557px) 100vw, 557px\" \/>[\/vc_column_text][\/vc_column][vc_column width=&#8221;1\/2&#8243;][vc_column_text css=&#8221;.vc_custom_1506339620433{padding-left: 50px !important;}&#8221;]<span style=\"font-size: 12pt; font-family: helvetica, arial, sans-serif;\">Dirbame su patikimais ir atsakingais ve\u017e\u0117jais;<\/span><\/p>\n<p><span style=\"font-size: 12pt; font-family: helvetica, arial, sans-serif;\">Galime Jums pasi\u016blyti transport\u0105 \u012fvairiems kroviniams:<\/span><\/p>\n<ul>\n<li><span style=\"font-size: 12pt; font-family: helvetica, arial, sans-serif;\">Daliniams (nuo 11 m\u00b3 iki 92m\u00b3);<\/span><\/li>\n<li><span style=\"font-size: 12pt; font-family: helvetica, arial, sans-serif;\">Standartiniams (pilni);<\/span><\/li>\n<li><span style=\"font-size: 12pt; font-family: helvetica, arial, sans-serif;\">Negabaritiniams, didelio t\u016brio (iki 115\u00a0 m\u00b3);<\/span><\/li>\n<li><span style=\"font-size: 12pt; font-family: helvetica, arial, sans-serif;\">Pavojingiems ( ADR );<\/span><\/li>\n<li><span style=\"font-size: 12pt; font-family: helvetica, arial, sans-serif;\">Kroviniams, kuriems b\u016btinas temperat\u016bros re\u017eimas;<\/span><\/li>\n<\/ul>\n<p><span style=\"font-size: 12pt; font-family: helvetica, arial, sans-serif;\">Atliekame perve\u017eimus Lietuvoje, Europos S\u0105jungoje ir NVS \u0161alyse;<\/span><\/p>\n<p><span style=\"font-size: 12pt; font-family: helvetica, arial, sans-serif;\">Kontroliuojame krovini\u0173 gabenimo proces\u0105;<\/span><\/p>\n<p><span style=\"font-size: 12pt; font-family: helvetica, arial, sans-serif;\">U\u017etikriname saug\u0173 krovinio pristatym\u0105 pageidaujamu laiku bei norima kryptimi.<\/span><\/p>\n<a href=\"\/lt\/contact\" class=\"su-button su-button-style-default home-btn-view-all\" style=\"color:#000000;background-color:#ffffff;border-color:#cccccc;border-radius:5px\" target=\"_self\"><span style=\"color:#000000;padding:0px 16px;font-size:13px;line-height:26px;border-color:#ffffff;border-radius:5px;text-shadow:none\"> U\u017eklausa<\/span><\/a>[\/vc_column_text][\/vc_column][\/vc_row][vc_row][vc_column][vc_column_text]\n<hr \/>\n<p style=\"text-align: center;\"><span style=\"font-family: helvetica, arial, sans-serif; font-size: 20pt;\"><span style=\"font-size: 24pt;\">Informacija ve\u017e\u0117jui<\/span><br \/>\n<img loading=\"lazy\" decoding=\"async\" width=\"256\" height=\"10\" class=\"aligncenter size-full wp-image-467\" src=\"http:\/\/vilterra.lt\/wp-content\/uploads\/2015\/08\/Services-VILTERRA-8.jpg\" alt=\"Services VILTERRA 8\" srcset=\"https:\/\/www.vilterra.lt\/wp-content\/uploads\/2015\/08\/Services-VILTERRA-8.jpg 256w, https:\/\/www.vilterra.lt\/wp-content\/uploads\/2015\/08\/Services-VILTERRA-8-250x10.jpg 250w, https:\/\/www.vilterra.lt\/wp-content\/uploads\/2015\/08\/Services-VILTERRA-8-120x5.jpg 120w\" sizes=\"auto, (max-width: 256px) 100vw, 256px\" \/><br \/>\n<\/span><\/p>\n[\/vc_column_text][\/vc_column][\/vc_row][vc_row css=&#8221;.vc_custom_1460937359188{margin-bottom: 25px !important;}&#8221;][vc_column width=&#8221;1\/2&#8243;][vc_column_text]<img decoding=\"async\" class=\"aligncenter size-full wp-image-441\" src=\"http:\/\/vilterra.lt\/wp-content\/uploads\/2015\/08\/Services3.jpg\" alt=\"Services VILTERRA t2\" \/>[\/vc_column_text][\/vc_column][vc_column width=&#8221;1\/2&#8243;][vc_column_text css=&#8221;.vc_custom_1506339683171{padding-left: 50px !important;}&#8221;]Platus krovini\u0173 bei mar\u0161rut\u0173 pasirinikmas;<\/p>\n<p>Dirbame tiesiogiai su u\u017esakovais, tod\u0117l visada suteikiame tiksli\u0105 informacij\u0105 laiku, greitai sprend\u017eiame i\u0161kilusius klausimus bei problemas;<\/p>\n<p>Greitas atsiskaitymas u\u017e atliktus perve\u017eimus;<\/p>\n<a href=\"\/lt\/contact\" class=\"su-button su-button-style-default home-btn-view-all\" style=\"color:#000000;background-color:#ffffff;border-color:#cccccc;border-radius:5px\" target=\"_self\"><span style=\"color:#000000;padding:0px 16px;font-size:13px;line-height:26px;border-color:#ffffff;border-radius:5px;text-shadow:none\"> U\u017eklausa<\/span><\/a>[\/vc_column_text][\/vc_column][\/vc_row][vc_row][vc_column css=&#8221;.vc_custom_1460937744553{margin-bottom: 25px !important;}&#8221;][vc_column_text css=&#8221;.vc_custom_1470243554766{background-image: url(http:\/\/vilterra.lt\/wp-content\/uploads\/2015\/08\/double-green-line.png?id=849) !important;background-position: 0 0 !important;background-repeat: no-repeat !important;}&#8221;]\n<p style=\"text-align: center;\"><span style=\"font-size: 21pt;\"><em><strong><span style=\"font-family: helvetica, arial, sans-serif; color: #1e396c;\">UAB &#8220;Vilterra&#8221; did\u017eiuojasi tiekdama auk\u0161tos kokyb\u0117s, patikimas ir saugias logistikos paslaugas.<\/span><\/strong><\/em><\/span><\/p>\n[\/vc_column_text][\/vc_column][\/vc_row]\n","protected":false},"excerpt":{"rendered":"[vc_row bg_type=&#8221;image&#8221; parallax_style=&#8221;vcpb-default&#8221; bg_image_new=&#8221;80|http:\/\/vilterra.lt\/wp-content\/uploads\/2015\/08\/top-page-bgr.png&#8221; bg_override=&#8221;ex-full&#8221; seperator_enable=&#8221;seperator_enable_value&#8221; seperator_type=&#8221;xlarge_triangle_seperator&#8221; seperator_position=&#8221;bottom_seperator&#8221; seperator_shape_background=&#8221;#ffffff&#8221; css=&#8221;.vc_custom_1443132352875{padding-top: 105px !important;}&#8221;][vc_column][vc_column_text el_class=&#8221;triangle-header&#8221;]TRANSPORTO LOGISTIKA[\/vc_column_text][\/vc_column][\/vc_row][vc_row][vc_column css=&#8221;.vc_custom_1460937869563{margin-bottom: 20px !important;}&#8221;][vc_column_text] Nuo 2008m. UAB &#8220;Vilterra&#8221;, tai s\u0117kmingai dirbanti \u012fmon\u0117 tarptautini\u0173 krovini\u0173 gabenimo ir logistikos srityje. Ilgamet\u0117 darbo patirtis, nepriekai\u0161tinga reputacija ir auk\u0161ta kvalifikacija, patvirtinta klient\u0173, \u012frod\u0117, kad esame puikus partneris tarptautini\u0173 perve\u017eim\u0173 srityje. Ilgalaikis bendradarbiavimas ir augan\u010di\u0173 u\u017esakov\u0173 skai\u010dius,&#8230; <a class=\"view-article\" href=\"https:\/\/www.vilterra.lt\/lt\/services\/\">View Article<\/a>","protected":false},"author":1,"featured_media":0,"parent":0,"menu_order":0,"comment_status":"closed","ping_status":"open","template":"","meta":{"footnotes":""},"class_list":["post-7","page","type-page","status-publish","hentry"],"translation":{"provider":"WPGlobus","version":"3.0.1","language":"lt","enabled_languages":["en","lt","de","pl"],"languages":{"en":{"title":true,"content":true,"excerpt":false},"lt":{"title":true,"content":true,"excerpt":false},"de":{"title":false,"content":true,"excerpt":false},"pl":{"title":false,"content":true,"excerpt":false}}},"aioseo_notices":[],"_links":{"self":[{"href":"https:\/\/www.vilterra.lt\/lt\/wp-json\/wp\/v2\/pages\/7","targetHints":{"allow":["GET"]}}],"collection":[{"href":"https:\/\/www.vilterra.lt\/lt\/wp-json\/wp\/v2\/pages"}],"about":[{"href":"https:\/\/www.vilterra.lt\/lt\/wp-json\/wp\/v2\/types\/page"}],"author":[{"embeddable":true,"href":"https:\/\/www.vilterra.lt\/lt\/wp-json\/wp\/v2\/users\/1"}],"replies":[{"embeddable":true,"href":"https:\/\/www.vilterra.lt\/lt\/wp-json\/wp\/v2\/comments?post=7"}],"version-history":[{"count":104,"href":"https:\/\/www.vilterra.lt\/lt\/wp-json\/wp\/v2\/pages\/7\/revisions"}],"predecessor-version":[{"id":1314,"href":"https:\/\/www.vilterra.lt\/lt\/wp-json\/wp\/v2\/pages\/7\/revisions\/1314"}],"wp:attachment":[{"href":"https:\/\/www.vilterra.lt\/lt\/wp-json\/wp\/v2\/media?parent=7"}],"curies":[{"name":"wp","href":"https:\/\/api.w.org\/{rel}","templated":true}]}}