{"id":7,"date":"2015-08-05T23:31:39","date_gmt":"2015-08-05T23:31:39","guid":{"rendered":"http:\/\/vilterra.lt\/?page_id=7"},"modified":"2017-09-25T11:44:58","modified_gmt":"2017-09-25T11:44:58","slug":"services","status":"publish","type":"page","link":"https:\/\/www.vilterra.lt\/pl\/services\/","title":{"rendered":"Transport"},"content":{"rendered":"[vc_row bg_type=&#8221;image&#8221; parallax_style=&#8221;vcpb-default&#8221; bg_image_new=&#8221;80|http:\/\/vilterra.lt\/wp-content\/uploads\/2015\/08\/top-page-bgr.png&#8221; bg_override=&#8221;ex-full&#8221; seperator_enable=&#8221;seperator_enable_value&#8221; seperator_type=&#8221;xlarge_triangle_seperator&#8221; seperator_position=&#8221;bottom_seperator&#8221; seperator_shape_background=&#8221;#ffffff&#8221; css=&#8221;.vc_custom_1443132352875{padding-top: 105px !important;}&#8221;][vc_column][vc_column_text el_class=&#8221;triangle-header&#8221;]LOGISTYKA TRANSPORTU[\/vc_column_text][\/vc_column][\/vc_row][vc_row][vc_column css=&#8221;.vc_custom_1460937869563{margin-bottom: 20px !important;}&#8221;][vc_column_text]\n<p style=\"text-align: center;\"><span style=\"font-size: 16pt; font-family: helvetica, arial, sans-serif;\">UAB \u201cVilterra\u201d \u2013 to firma z du\u017cym do\u015bwiadczeniem, od 2008 r. pomy\u015blnie dzia\u0142aj\u0105ca w dziedzinie mi\u0119dzynarodowej spedycji i logistyki. Uznane przez Klient\u00f3w wieloletnie do\u015bwiadczenie pracy, nienaganna reputacja i wysoka kwalifikacja udowodni\u0142y, \u017ce jeste\u015bmy doskona\u0142ym partnerem w dziedzinie mi\u0119dzynarodowej spedycji. D\u0142ugoterminowa wsp\u00f3\u0142praca i wzrastaj\u0105ca ilo\u015b\u0107 klient\u00f3w \u2013 to wynik pomy\u015blnie rozwini\u0119tego i niezawodnego systemu spedycji.<\/span><\/p>\n[\/vc_column_text][\/vc_column][\/vc_row][vc_row][vc_column][vc_column_text]\n<hr \/>\n<p style=\"text-align: center;\"><span style=\"font-family: helvetica, arial, sans-serif; font-size: 20pt;\"><span style=\"font-size: 24pt;\">Informacja dla klienta<\/span><br \/>\n<img loading=\"lazy\" decoding=\"async\" width=\"256\" height=\"10\" class=\"aligncenter size-full wp-image-467\" src=\"http:\/\/vilterra.lt\/wp-content\/uploads\/2015\/08\/Services-VILTERRA-8.jpg\" alt=\"Services VILTERRA 8\" srcset=\"https:\/\/www.vilterra.lt\/wp-content\/uploads\/2015\/08\/Services-VILTERRA-8.jpg 256w, https:\/\/www.vilterra.lt\/wp-content\/uploads\/2015\/08\/Services-VILTERRA-8-250x10.jpg 250w, https:\/\/www.vilterra.lt\/wp-content\/uploads\/2015\/08\/Services-VILTERRA-8-120x5.jpg 120w\" sizes=\"auto, (max-width: 256px) 100vw, 256px\" \/><br \/>\n<\/span><\/p>\n[\/vc_column_text][\/vc_column][\/vc_row][vc_row css=&#8221;.vc_custom_1460938056211{margin-bottom: 20px !important;}&#8221;][vc_column width=&#8221;1\/2&#8243;][vc_column_text]<img loading=\"lazy\" decoding=\"async\" width=\"557\" height=\"463\" class=\"aligncenter size-full wp-image-442\" src=\"http:\/\/vilterra.lt\/wp-content\/uploads\/2015\/08\/Services-VILTERRA-t.jpg\" alt=\"Services VILTERRA t\" srcset=\"https:\/\/www.vilterra.lt\/wp-content\/uploads\/2015\/08\/Services-VILTERRA-t.jpg 557w, https:\/\/www.vilterra.lt\/wp-content\/uploads\/2015\/08\/Services-VILTERRA-t-250x208.jpg 250w, https:\/\/www.vilterra.lt\/wp-content\/uploads\/2015\/08\/Services-VILTERRA-t-120x100.jpg 120w\" sizes=\"auto, (max-width: 557px) 100vw, 557px\" \/>[\/vc_column_text][\/vc_column][vc_column width=&#8221;1\/2&#8243;][vc_column_text css=&#8221;.vc_custom_1506339804310{padding-left: 50px !important;}&#8221;]<span style=\"font-size: 12pt; font-family: helvetica, arial, sans-serif;\">Wsp\u00f3\u0142pracujemy tylko ze sprawdzonymi i odpowiedzialnymi partnerami<\/span><\/p>\n<p><span style=\"font-size: 12pt; font-family: helvetica, arial, sans-serif;\">Mo\u017cemy zaoferowa\u0107 dla Pa\u0144stwa transport dla r\u00f3\u017cnych \u0142adunk\u00f3w:<\/span><\/p>\n<ul>\n<li><span style=\"font-size: 12pt; font-family: helvetica, arial, sans-serif;\">\u00a0 cz\u0119\u015bciowych (11\u201392\u00a0m\u00b3);<\/span><\/li>\n<li><span style=\"font-size: 12pt; font-family: helvetica, arial, sans-serif;\">\u00a0 standardowych (pe\u0142ne);<\/span><\/li>\n<li><span style=\"font-size: 12pt; font-family: helvetica, arial, sans-serif;\">\u00a0 niegabarytowych, o du\u017cej pojemno\u015bci (do 115 m\u00b3);<\/span><\/li>\n<li><span style=\"font-size: 12pt; font-family: helvetica, arial, sans-serif;\">\u00a0 niebezpiecznych (ADR);<\/span><\/li>\n<li><span style=\"font-size: 12pt; font-family: helvetica, arial, sans-serif;\">\u00a0 \u0142adunk\u00f3w, dla kt\u00f3rych niezb\u0119dna jest kontrola temperatury;<\/span><\/li>\n<\/ul>\n<p><span style=\"font-size: 12pt; font-family: helvetica, arial, sans-serif;\">Realizujemy przewozy na Litwie, w Unii Europejskiej i w krajach WNP;<\/span><\/p>\n<p><span style=\"font-size: 12pt; font-family: helvetica, arial, sans-serif;\">Kontrolujemy procesy transportu \u0142adunk\u00f3w;<\/span><\/p>\n<p><span style=\"font-size: 12pt; font-family: helvetica, arial, sans-serif;\">zapewniamy bezpieczn\u0105 dostaw\u0119 \u0142adunku w po\u017c\u0105danym czasie oraz kierunku.<\/span><\/p>\n<a href=\"\/pl\/contact\" class=\"su-button su-button-style-default home-btn-view-all\" style=\"color:#000000;background-color:#ffffff;border-color:#cccccc;border-radius:5px\" target=\"_self\"><span style=\"color:#000000;padding:0px 16px;font-size:13px;line-height:26px;border-color:#ffffff;border-radius:5px;text-shadow:none\"> Zapytanie<\/span><\/a>[\/vc_column_text][\/vc_column][\/vc_row][vc_row][vc_column][vc_column_text]\n<hr \/>\n<p style=\"text-align: center;\"><span style=\"font-family: helvetica, arial, sans-serif; font-size: 20pt;\"><span style=\"font-size: 24pt;\">Informacja dla przewo\u017anika<\/span><br \/>\n<img loading=\"lazy\" decoding=\"async\" width=\"256\" height=\"10\" class=\"aligncenter size-full wp-image-467\" src=\"http:\/\/vilterra.lt\/wp-content\/uploads\/2015\/08\/Services-VILTERRA-8.jpg\" alt=\"Services VILTERRA 8\" srcset=\"https:\/\/www.vilterra.lt\/wp-content\/uploads\/2015\/08\/Services-VILTERRA-8.jpg 256w, https:\/\/www.vilterra.lt\/wp-content\/uploads\/2015\/08\/Services-VILTERRA-8-250x10.jpg 250w, https:\/\/www.vilterra.lt\/wp-content\/uploads\/2015\/08\/Services-VILTERRA-8-120x5.jpg 120w\" sizes=\"auto, (max-width: 256px) 100vw, 256px\" \/><br \/>\n<\/span><\/p>\n[\/vc_column_text][\/vc_column][\/vc_row][vc_row css=&#8221;.vc_custom_1460937359188{margin-bottom: 25px !important;}&#8221;][vc_column width=&#8221;1\/2&#8243;][vc_column_text]<img decoding=\"async\" class=\"aligncenter size-full wp-image-441\" src=\"http:\/\/vilterra.lt\/wp-content\/uploads\/2015\/08\/Services3.jpg\" alt=\"Services VILTERRA t2\" \/>[\/vc_column_text][\/vc_column][vc_column width=&#8221;1\/2&#8243;][vc_column_text css=&#8221;.vc_custom_1506339898274{padding-left: 50px !important;}&#8221;]<span style=\"font-size: 14pt;\">Szeroki wyb\u00f3r \u0142adunk\u00f3w oraz tras;<\/span><\/p>\n<p><span style=\"font-size: 14pt;\">Wsp\u00f3\u0142pracujemy bezpo\u015brednio z klientami, dlatego zawsze podajemy dok\u0142adn\u0105 informacj\u0119 na czas, szybko rozwi\u0105zujemy powsta\u0142e pytania oraz problemy;<\/span><\/p>\n<p><span style=\"font-size: 14pt;\">Szybkie rozliczenie za zrealizowane przewozy.<\/span><\/p>\n<a href=\"\/pl\/contact\" class=\"su-button su-button-style-default home-btn-view-all\" style=\"color:#000000;background-color:#ffffff;border-color:#cccccc;border-radius:5px\" target=\"_self\"><span style=\"color:#000000;padding:0px 16px;font-size:13px;line-height:26px;border-color:#ffffff;border-radius:5px;text-shadow:none\"> Zapytanie<\/span><\/a>[\/vc_column_text][\/vc_column][\/vc_row][vc_row][vc_column css=&#8221;.vc_custom_1460937744553{margin-bottom: 25px !important;}&#8221;][vc_column_text css=&#8221;.vc_custom_1485169360056{background-image: url(http:\/\/vilterra.lt\/wp-content\/uploads\/2015\/08\/double-green-line.png?id=849) !important;background-position: 0 0 !important;background-repeat: no-repeat !important;}&#8221;]\n<p style=\"text-align: center;\"><span style=\"font-size: 24pt; color: #000080;\"><em><span style=\"font-family: helvetica, arial, sans-serif;\"><strong>UAB \u201cVilterra\u201d jest dumna dostarczaj\u0105c wysokiej jako\u015bci, niezawodne i bezpieczne us\u0142ugi logistyczne.<\/strong><\/span><\/em><\/span><\/p>\n[\/vc_column_text][\/vc_column][\/vc_row]\n","protected":false},"excerpt":{"rendered":"[vc_row bg_type=&#8221;image&#8221; parallax_style=&#8221;vcpb-default&#8221; bg_image_new=&#8221;80|http:\/\/vilterra.lt\/wp-content\/uploads\/2015\/08\/top-page-bgr.png&#8221; bg_override=&#8221;ex-full&#8221; seperator_enable=&#8221;seperator_enable_value&#8221; seperator_type=&#8221;xlarge_triangle_seperator&#8221; seperator_position=&#8221;bottom_seperator&#8221; seperator_shape_background=&#8221;#ffffff&#8221; css=&#8221;.vc_custom_1443132352875{padding-top: 105px !important;}&#8221;][vc_column][vc_column_text el_class=&#8221;triangle-header&#8221;]LOGISTYKA TRANSPORTU[\/vc_column_text][\/vc_column][\/vc_row][vc_row][vc_column css=&#8221;.vc_custom_1460937869563{margin-bottom: 20px !important;}&#8221;][vc_column_text] UAB \u201cVilterra\u201d \u2013 to firma z du\u017cym do\u015bwiadczeniem, od 2008 r. pomy\u015blnie dzia\u0142aj\u0105ca w dziedzinie mi\u0119dzynarodowej spedycji i logistyki. Uznane przez Klient\u00f3w wieloletnie do\u015bwiadczenie pracy, nienaganna reputacja i wysoka kwalifikacja udowodni\u0142y, \u017ce jeste\u015bmy doskona\u0142ym partnerem w dziedzinie mi\u0119dzynarodowej&#8230; <a class=\"view-article\" href=\"https:\/\/www.vilterra.lt\/pl\/services\/\">View Article<\/a>","protected":false},"author":1,"featured_media":0,"parent":0,"menu_order":0,"comment_status":"closed","ping_status":"open","template":"","meta":{"footnotes":""},"class_list":["post-7","page","type-page","status-publish","hentry"],"translation":{"provider":"WPGlobus","version":"3.0.1","language":"pl","enabled_languages":["en","lt","de","pl"],"languages":{"en":{"title":true,"content":true,"excerpt":false},"lt":{"title":true,"content":true,"excerpt":false},"de":{"title":false,"content":true,"excerpt":false},"pl":{"title":false,"content":true,"excerpt":false}}},"aioseo_notices":[],"_links":{"self":[{"href":"https:\/\/www.vilterra.lt\/pl\/wp-json\/wp\/v2\/pages\/7","targetHints":{"allow":["GET"]}}],"collection":[{"href":"https:\/\/www.vilterra.lt\/pl\/wp-json\/wp\/v2\/pages"}],"about":[{"href":"https:\/\/www.vilterra.lt\/pl\/wp-json\/wp\/v2\/types\/page"}],"author":[{"embeddable":true,"href":"https:\/\/www.vilterra.lt\/pl\/wp-json\/wp\/v2\/users\/1"}],"replies":[{"embeddable":true,"href":"https:\/\/www.vilterra.lt\/pl\/wp-json\/wp\/v2\/comments?post=7"}],"version-history":[{"count":104,"href":"https:\/\/www.vilterra.lt\/pl\/wp-json\/wp\/v2\/pages\/7\/revisions"}],"predecessor-version":[{"id":1314,"href":"https:\/\/www.vilterra.lt\/pl\/wp-json\/wp\/v2\/pages\/7\/revisions\/1314"}],"wp:attachment":[{"href":"https:\/\/www.vilterra.lt\/pl\/wp-json\/wp\/v2\/media?parent=7"}],"curies":[{"name":"wp","href":"https:\/\/api.w.org\/{rel}","templated":true}]}}